{"id":3829,"date":"2025-04-01T15:00:47","date_gmt":"2025-04-01T15:00:47","guid":{"rendered":"https:\/\/2025.congressrental.rs\/?page_id=3829"},"modified":"2025-04-02T08:28:57","modified_gmt":"2025-04-02T08:28:57","slug":"video-oprema","status":"publish","type":"page","link":"https:\/\/congressrental.rs\/en\/video-oprema\/","title":{"rendered":"Video equipment"},"content":{"rendered":"<section class=\"wpb-content-wrapper\"><div class=\"vc_row wpb_row vc_row-fluid\" ><div class=\"wpb_column vc_column_container vc_col-sm-12\"><div class=\"vc_column-inner\"><div class=\"wpb_wrapper\">\n\t<div class=\"wpb_text_column wpb_content_element\" >\n\t\t<div class=\"wpb_wrapper\">\n\t\t\t<h3 class=\"wp-block-heading\">Video equipment<\/h3>\n<p>We provide video equipment rental services and technical support for events! We offer top-tier video equipment and experienced technicians to ensure that your event looks flawless\u2014whether it's a conference, seminar, hybrid event, or live streaming.<\/p>\n<p>Our team of experts is at your disposal for everything\u2014from planning and designing the video system to setup and technical support throughout the entire event.<\/p>\n<p><strong>Video Equipment Rental<\/strong><\/p>\n<p>Our services include:<\/p>\n<ul>\n<li>Professional cameras and PTZ cameras<\/li>\n<li>Projectors for large spaces and LED screens<\/li>\n<li>High-resolution video walls and displays<\/li>\n<li>Barco image processors and video switching equipment<\/li>\n<li>Solutions for live streaming and hybrid events<\/li>\n<\/ul>\n<p>Whether you're streaming a keynote, organizing an interactive event, or recording content for later use, we provide equipment and technical support to the highest standards.<\/p>\n<p><strong>Experienced Technicians and Event Support<\/strong><\/p>\n<p>Our team of technicians specializes in setting up and managing video equipment. They will be on-site to ensure flawless video broadcasting and handle any technical challenges in real-time. We understand that video quality is key to the success of your event, which is why we guarantee professional execution from start to finish.<\/p>\n<p><strong>Additional Services: Video System Design and Technical Support<\/strong><\/p>\n<p>In addition to video equipment rental, we also offer:<\/p>\n<ul>\n<li>Design and optimization of video systems tailored to the event's needs<\/li>\n<li>Professional installation and equipment calibration<\/li>\n<li>Technical support during the event<\/li>\n<li>Dismantling of equipment after the event concludes<\/li>\n<\/ul>\n<p><strong>Partners with World-Class Brands<\/strong><\/p>\n<p>As a part of international networks <strong>AV Alliance, Podimatas Group i Congress Rental Network<\/strong>we commit to using only the latest equipment and technologies. We work with leading brands such as <strong>Barco, Epson, Unilumin, Kramer, Panasonic<\/strong> and many others.<\/p>\n<p><strong>Our Offerings Include:<\/strong><\/p>\n<ul>\n<li>Projectors with large-format projection capabilities<\/li>\n<li>High-resolution LED screens<\/li>\n<li>Barco image processors for seamless production<\/li>\n<li>Cameras and PTZ systems for live streaming and recording<\/li>\n<li>Chroma key technology for streaming and virtual events<\/li>\n<\/ul>\n<p>Contact us today and secure video support for your next event!<\/p>\n\n\t\t<\/div>\n\t<\/div>\n<div class=\"mkdf-separator-holder clearfix  mkdf-separator-center mkdf-separator-full-width\" >\n\t\t<div class=\"mkdf-separator\" style=\"border-color: #1e73be\"><\/div>\n\t<\/div>\n<\/div><\/div><\/div><\/div><div class=\"vc_row wpb_row vc_row-fluid\" ><div class=\"wpb_column vc_column_container vc_col-sm-12\"><div class=\"vc_column-inner\"><div class=\"wpb_wrapper\"><div class=\"mkdf-image-gallery  mkdf-ig-grid-type mkdf-large-space   mkdf-image-hover-shader\">\n\t<div class=\"mkdf-ig-inner mkdf-outer-space mkdf-ig-grid mkdf-ig-two-columns\">\n\t\t\t\t\t<div class=\"mkdf-ig-image mkdf-item-space\">\n\t\t\t\t<div class=\"mkdf-ig-image-inner\">\n\t\t\t\t\t\t\t\t\t\t\t<img loading=\"lazy\" decoding=\"async\" width=\"2560\" height=\"1920\" src=\"https:\/\/congressrental.rs\/wp-content\/uploads\/2025\/03\/IMG_2289-scaled.jpg\" class=\"attachment-full size-full\" alt=\"\" srcset=\"https:\/\/congressrental.rs\/wp-content\/uploads\/2025\/03\/IMG_2289-scaled.jpg 2560w, https:\/\/congressrental.rs\/wp-content\/uploads\/2025\/03\/IMG_2289-300x225.jpg 300w, https:\/\/congressrental.rs\/wp-content\/uploads\/2025\/03\/IMG_2289-1024x768.jpg 1024w, https:\/\/congressrental.rs\/wp-content\/uploads\/2025\/03\/IMG_2289-768x576.jpg 768w, https:\/\/congressrental.rs\/wp-content\/uploads\/2025\/03\/IMG_2289-1536x1152.jpg 1536w, https:\/\/congressrental.rs\/wp-content\/uploads\/2025\/03\/IMG_2289-600x450.jpg 600w\" sizes=\"auto, (max-width: 2560px) 100vw, 2560px\" \/>\t\t\t\t\t\t\t\t\t<\/div>\n\t\t\t<\/div>\n\t\t\t\t\t<div class=\"mkdf-ig-image mkdf-item-space\">\n\t\t\t\t<div class=\"mkdf-ig-image-inner\">\n\t\t\t\t\t\t\t\t\t\t\t<img loading=\"lazy\" decoding=\"async\" width=\"2560\" height=\"1920\" src=\"https:\/\/congressrental.rs\/wp-content\/uploads\/2025\/03\/IMG_2263-scaled.jpg\" class=\"attachment-full size-full\" alt=\"\" srcset=\"https:\/\/congressrental.rs\/wp-content\/uploads\/2025\/03\/IMG_2263-scaled.jpg 2560w, https:\/\/congressrental.rs\/wp-content\/uploads\/2025\/03\/IMG_2263-300x225.jpg 300w, https:\/\/congressrental.rs\/wp-content\/uploads\/2025\/03\/IMG_2263-1024x768.jpg 1024w, https:\/\/congressrental.rs\/wp-content\/uploads\/2025\/03\/IMG_2263-768x576.jpg 768w, https:\/\/congressrental.rs\/wp-content\/uploads\/2025\/03\/IMG_2263-1536x1152.jpg 1536w, https:\/\/congressrental.rs\/wp-content\/uploads\/2025\/03\/IMG_2263-600x450.jpg 600w\" sizes=\"auto, (max-width: 2560px) 100vw, 2560px\" \/>\t\t\t\t\t\t\t\t\t<\/div>\n\t\t\t<\/div>\n\t\t\t\t\t<div class=\"mkdf-ig-image mkdf-item-space\">\n\t\t\t\t<div class=\"mkdf-ig-image-inner\">\n\t\t\t\t\t\t\t\t\t\t\t<img loading=\"lazy\" decoding=\"async\" width=\"1920\" height=\"2560\" src=\"https:\/\/congressrental.rs\/wp-content\/uploads\/2025\/03\/IMG_1498-scaled.jpg\" class=\"attachment-full size-full\" alt=\"\" srcset=\"https:\/\/congressrental.rs\/wp-content\/uploads\/2025\/03\/IMG_1498-scaled.jpg 1920w, https:\/\/congressrental.rs\/wp-content\/uploads\/2025\/03\/IMG_1498-225x300.jpg 225w, https:\/\/congressrental.rs\/wp-content\/uploads\/2025\/03\/IMG_1498-768x1024.jpg 768w, https:\/\/congressrental.rs\/wp-content\/uploads\/2025\/03\/IMG_1498-1152x1536.jpg 1152w, https:\/\/congressrental.rs\/wp-content\/uploads\/2025\/03\/IMG_1498-1536x2048.jpg 1536w, https:\/\/congressrental.rs\/wp-content\/uploads\/2025\/03\/IMG_1498-600x800.jpg 600w\" sizes=\"auto, (max-width: 1920px) 100vw, 1920px\" \/>\t\t\t\t\t\t\t\t\t<\/div>\n\t\t\t<\/div>\n\t\t\t\t\t<div class=\"mkdf-ig-image mkdf-item-space\">\n\t\t\t\t<div class=\"mkdf-ig-image-inner\">\n\t\t\t\t\t\t\t\t\t\t\t<img loading=\"lazy\" decoding=\"async\" width=\"1920\" height=\"2560\" src=\"https:\/\/congressrental.rs\/wp-content\/uploads\/2025\/03\/IMG_1497-scaled.jpg\" class=\"attachment-full size-full\" alt=\"\" srcset=\"https:\/\/congressrental.rs\/wp-content\/uploads\/2025\/03\/IMG_1497-scaled.jpg 1920w, https:\/\/congressrental.rs\/wp-content\/uploads\/2025\/03\/IMG_1497-225x300.jpg 225w, https:\/\/congressrental.rs\/wp-content\/uploads\/2025\/03\/IMG_1497-768x1024.jpg 768w, https:\/\/congressrental.rs\/wp-content\/uploads\/2025\/03\/IMG_1497-1152x1536.jpg 1152w, https:\/\/congressrental.rs\/wp-content\/uploads\/2025\/03\/IMG_1497-1536x2048.jpg 1536w, https:\/\/congressrental.rs\/wp-content\/uploads\/2025\/03\/IMG_1497-600x800.jpg 600w\" sizes=\"auto, (max-width: 1920px) 100vw, 1920px\" \/>\t\t\t\t\t\t\t\t\t<\/div>\n\t\t\t<\/div>\n\t\t\t\t\t<div class=\"mkdf-ig-image mkdf-item-space\">\n\t\t\t\t<div class=\"mkdf-ig-image-inner\">\n\t\t\t\t\t\t\t\t\t\t\t<img loading=\"lazy\" decoding=\"async\" width=\"2560\" height=\"1920\" src=\"https:\/\/congressrental.rs\/wp-content\/uploads\/2025\/03\/IMG_2289-1-scaled.jpg\" class=\"attachment-full size-full\" alt=\"\" srcset=\"https:\/\/congressrental.rs\/wp-content\/uploads\/2025\/03\/IMG_2289-1-scaled.jpg 2560w, https:\/\/congressrental.rs\/wp-content\/uploads\/2025\/03\/IMG_2289-1-300x225.jpg 300w, https:\/\/congressrental.rs\/wp-content\/uploads\/2025\/03\/IMG_2289-1-1024x768.jpg 1024w, https:\/\/congressrental.rs\/wp-content\/uploads\/2025\/03\/IMG_2289-1-768x576.jpg 768w, https:\/\/congressrental.rs\/wp-content\/uploads\/2025\/03\/IMG_2289-1-1536x1152.jpg 1536w, https:\/\/congressrental.rs\/wp-content\/uploads\/2025\/03\/IMG_2289-1-600x450.jpg 600w\" sizes=\"auto, (max-width: 2560px) 100vw, 2560px\" \/>\t\t\t\t\t\t\t\t\t<\/div>\n\t\t\t<\/div>\n\t\t\t\t\t<div class=\"mkdf-ig-image mkdf-item-space\">\n\t\t\t\t<div class=\"mkdf-ig-image-inner\">\n\t\t\t\t\t\t\t\t\t\t\t<img loading=\"lazy\" decoding=\"async\" width=\"2160\" height=\"1620\" src=\"https:\/\/congressrental.rs\/wp-content\/uploads\/2025\/03\/JRQG3897-1.jpg\" class=\"attachment-full size-full\" alt=\"\" srcset=\"https:\/\/congressrental.rs\/wp-content\/uploads\/2025\/03\/JRQG3897-1.jpg 2160w, https:\/\/congressrental.rs\/wp-content\/uploads\/2025\/03\/JRQG3897-1-300x225.jpg 300w, https:\/\/congressrental.rs\/wp-content\/uploads\/2025\/03\/JRQG3897-1-1024x768.jpg 1024w, https:\/\/congressrental.rs\/wp-content\/uploads\/2025\/03\/JRQG3897-1-768x576.jpg 768w, https:\/\/congressrental.rs\/wp-content\/uploads\/2025\/03\/JRQG3897-1-1536x1152.jpg 1536w, https:\/\/congressrental.rs\/wp-content\/uploads\/2025\/03\/JRQG3897-1-600x450.jpg 600w\" sizes=\"auto, (max-width: 2160px) 100vw, 2160px\" \/>\t\t\t\t\t\t\t\t\t<\/div>\n\t\t\t<\/div>\n\t\t\t\t\t<div class=\"mkdf-ig-image mkdf-item-space\">\n\t\t\t\t<div class=\"mkdf-ig-image-inner\">\n\t\t\t\t\t\t\t\t\t\t\t<img loading=\"lazy\" decoding=\"async\" width=\"2560\" height=\"1920\" src=\"https:\/\/congressrental.rs\/wp-content\/uploads\/2025\/03\/IMG_1613-scaled.jpg\" class=\"attachment-full size-full\" alt=\"\" srcset=\"https:\/\/congressrental.rs\/wp-content\/uploads\/2025\/03\/IMG_1613-scaled.jpg 2560w, https:\/\/congressrental.rs\/wp-content\/uploads\/2025\/03\/IMG_1613-300x225.jpg 300w, https:\/\/congressrental.rs\/wp-content\/uploads\/2025\/03\/IMG_1613-1024x768.jpg 1024w, https:\/\/congressrental.rs\/wp-content\/uploads\/2025\/03\/IMG_1613-768x576.jpg 768w, https:\/\/congressrental.rs\/wp-content\/uploads\/2025\/03\/IMG_1613-1536x1152.jpg 1536w, https:\/\/congressrental.rs\/wp-content\/uploads\/2025\/03\/IMG_1613-600x450.jpg 600w\" sizes=\"auto, (max-width: 2560px) 100vw, 2560px\" \/>\t\t\t\t\t\t\t\t\t<\/div>\n\t\t\t<\/div>\n\t\t\t\t\t<div class=\"mkdf-ig-image mkdf-item-space\">\n\t\t\t\t<div class=\"mkdf-ig-image-inner\">\n\t\t\t\t\t\t\t\t\t\t\t<img loading=\"lazy\" decoding=\"async\" width=\"2560\" height=\"1920\" src=\"https:\/\/congressrental.rs\/wp-content\/uploads\/2025\/03\/IMG_1977-1-scaled.jpg\" class=\"attachment-full size-full\" alt=\"\" srcset=\"https:\/\/congressrental.rs\/wp-content\/uploads\/2025\/03\/IMG_1977-1-scaled.jpg 2560w, https:\/\/congressrental.rs\/wp-content\/uploads\/2025\/03\/IMG_1977-1-300x225.jpg 300w, https:\/\/congressrental.rs\/wp-content\/uploads\/2025\/03\/IMG_1977-1-1024x768.jpg 1024w, https:\/\/congressrental.rs\/wp-content\/uploads\/2025\/03\/IMG_1977-1-768x576.jpg 768w, https:\/\/congressrental.rs\/wp-content\/uploads\/2025\/03\/IMG_1977-1-1536x1152.jpg 1536w, https:\/\/congressrental.rs\/wp-content\/uploads\/2025\/03\/IMG_1977-1-600x450.jpg 600w\" sizes=\"auto, (max-width: 2560px) 100vw, 2560px\" \/>\t\t\t\t\t\t\t\t\t<\/div>\n\t\t\t<\/div>\n\t\t\t\t\t<div class=\"mkdf-ig-image mkdf-item-space\">\n\t\t\t\t<div class=\"mkdf-ig-image-inner\">\n\t\t\t\t\t\t\t\t\t\t\t<img loading=\"lazy\" decoding=\"async\" width=\"4032\" height=\"2016\" src=\"https:\/\/congressrental.rs\/wp-content\/uploads\/2018\/03\/startech.png\" class=\"attachment-full size-full\" alt=\"\" srcset=\"https:\/\/congressrental.rs\/wp-content\/uploads\/2018\/03\/startech.png 4032w, https:\/\/congressrental.rs\/wp-content\/uploads\/2018\/03\/startech-300x150.png 300w, https:\/\/congressrental.rs\/wp-content\/uploads\/2018\/03\/startech-1024x512.png 1024w, https:\/\/congressrental.rs\/wp-content\/uploads\/2018\/03\/startech-768x384.png 768w, https:\/\/congressrental.rs\/wp-content\/uploads\/2018\/03\/startech-1536x768.png 1536w, https:\/\/congressrental.rs\/wp-content\/uploads\/2018\/03\/startech-1100x550.png 1100w, https:\/\/congressrental.rs\/wp-content\/uploads\/2018\/03\/startech-600x300.png 600w\" sizes=\"auto, (max-width: 4032px) 100vw, 4032px\" \/>\t\t\t\t\t\t\t\t\t<\/div>\n\t\t\t<\/div>\n\t\t\t<\/div>\n<\/div>\n<\/div><\/div><\/div><\/div><\/section>","protected":false},"excerpt":{"rendered":"Video oprema Pru\u017eamo vam usluge iznajmljivanja video opreme i tehni\u010dku podr\u0161ku na doga\u0111ajima! Pru\u017eamo vrhunsku video opremu i iskusne tehni\u010dare kako bismo osigurali da va\u0161 doga\u0111aj izgleda besprekorno \u2013 bilo da je u pitanju konferencija, seminar, hibridni doga\u0111aj ili live [...]","protected":false},"author":1,"featured_media":0,"parent":0,"menu_order":0,"comment_status":"closed","ping_status":"closed","template":"","meta":{"om_disable_all_campaigns":false,"_monsterinsights_skip_tracking":false,"_monsterinsights_sitenote_active":false,"_monsterinsights_sitenote_note":"","_monsterinsights_sitenote_category":0,"footnotes":""},"class_list":["post-3829","page","type-page","status-publish","hentry"],"aioseo_notices":[],"_links":{"self":[{"href":"https:\/\/congressrental.rs\/en\/wp-json\/wp\/v2\/pages\/3829","targetHints":{"allow":["GET"]}}],"collection":[{"href":"https:\/\/congressrental.rs\/en\/wp-json\/wp\/v2\/pages"}],"about":[{"href":"https:\/\/congressrental.rs\/en\/wp-json\/wp\/v2\/types\/page"}],"author":[{"embeddable":true,"href":"https:\/\/congressrental.rs\/en\/wp-json\/wp\/v2\/users\/1"}],"replies":[{"embeddable":true,"href":"https:\/\/congressrental.rs\/en\/wp-json\/wp\/v2\/comments?post=3829"}],"version-history":[{"count":0,"href":"https:\/\/congressrental.rs\/en\/wp-json\/wp\/v2\/pages\/3829\/revisions"}],"wp:attachment":[{"href":"https:\/\/congressrental.rs\/en\/wp-json\/wp\/v2\/media?parent=3829"}],"curies":[{"name":"wp","href":"https:\/\/api.w.org\/{rel}","templated":true}]}}