{"id":3839,"date":"2025-04-02T07:59:12","date_gmt":"2025-04-02T07:59:12","guid":{"rendered":"https:\/\/2025.congressrental.rs\/?page_id=3839"},"modified":"2025-04-02T08:37:36","modified_gmt":"2025-04-02T08:37:36","slug":"svetlosna-oprema","status":"publish","type":"page","link":"https:\/\/congressrental.rs\/en\/svetlosna-oprema\/","title":{"rendered":"Lighting Equipment"},"content":{"rendered":"<section class=\"wpb-content-wrapper\"><div class=\"vc_row wpb_row vc_row-fluid\" ><div class=\"wpb_column vc_column_container vc_col-sm-12\"><div class=\"vc_column-inner\"><div class=\"wpb_wrapper\">\n\t<div class=\"wpb_text_column wpb_content_element\" >\n\t\t<div class=\"wpb_wrapper\">\n\t\t\t<h3 class=\"wp-block-heading\">Lighting Equipment<\/h3>\n<p>Od <strong>stage lighting<\/strong> to <strong>ambient illumination<\/strong>, we offer complete solutions to create a dynamic and striking atmosphere at your event. <strong>a dynamic and striking atmosphere<\/strong> at your event.<\/p>\n<p>Wide Selection of Lighting Equipment<\/p>\n<p>Our Offerings Include:<\/p>\n<ul>\n<li><strong>Stage spotlights and floodlights<\/strong><\/li>\n<li><strong>LED lighting for effects and highlights<\/strong><\/li>\n<li><strong>Dimmers and control systems<\/strong><\/li>\n<\/ul>\n<p><!-- \/wp:post-content --><\/p>\n<p><!-- wp:paragraph {\"className\":\"\"} -->Whether you want to light up <strong>the stage, an exhibition space, or create a specific atmosphere,<\/strong>our equipment and expert team will help you achieve the desired effect.<\/p>\n<p><!-- \/wp:paragraph --><\/p>\n<p><!-- wp:paragraph -->Flexible and Simple Lighting Solutions<\/p>\n<ul>\n<li><strong>Easy integration into any space<\/strong><\/li>\n<li><strong>Adjustable lighting effects for different occasions<\/strong><\/li>\n<li><strong>Professional technical support for installation and operation<\/strong><\/li>\n<\/ul>\n<p><!-- \/wp:paragraph --><!-- \/wp:list --><\/p>\n<p><!-- wp:paragraph {\"className\":\"\"} -->Our team of experienced technicians is here to ensure <strong>flawless lighting performance<\/strong>from setup to the end of the event.<\/p>\n<p><!-- \/wp:paragraph --><\/p>\n<p><!-- wp:paragraph {\"className\":\"\"} --><strong>Contact Us <\/strong>and light up your event the right way!<\/p>\n<p><!-- \/wp:paragraph --><\/p>\n<p>&nbsp;<\/p>\n\n\t\t<\/div>\n\t<\/div>\n<div class=\"mkdf-separator-holder clearfix  mkdf-separator-center mkdf-separator-full-width\" >\n\t\t<div class=\"mkdf-separator\" style=\"border-color: #1e73be\"><\/div>\n\t<\/div>\n<\/div><\/div><\/div><\/div><div class=\"vc_row wpb_row vc_row-fluid\" ><div class=\"wpb_column vc_column_container vc_col-sm-12\"><div class=\"vc_column-inner\"><div class=\"wpb_wrapper\"><div class=\"mkdf-image-gallery  mkdf-ig-grid-type mkdf-large-space   mkdf-image-hover-shader\">\n\t<div class=\"mkdf-ig-inner mkdf-outer-space mkdf-ig-grid mkdf-ig-two-columns\">\n\t\t\t\t\t<div class=\"mkdf-ig-image mkdf-item-space\">\n\t\t\t\t<div class=\"mkdf-ig-image-inner\">\n\t\t\t\t\t\t\t\t\t\t\t<img loading=\"lazy\" decoding=\"async\" width=\"900\" height=\"900\" src=\"https:\/\/congressrental.rs\/wp-content\/uploads\/2018\/03\/otkrica-za-vas.png\" class=\"attachment-full size-full\" alt=\"\" srcset=\"https:\/\/congressrental.rs\/wp-content\/uploads\/2018\/03\/otkrica-za-vas.png 900w, https:\/\/congressrental.rs\/wp-content\/uploads\/2018\/03\/otkrica-za-vas-300x300.png 300w, https:\/\/congressrental.rs\/wp-content\/uploads\/2018\/03\/otkrica-za-vas-150x150.png 150w, https:\/\/congressrental.rs\/wp-content\/uploads\/2018\/03\/otkrica-za-vas-768x768.png 768w, https:\/\/congressrental.rs\/wp-content\/uploads\/2018\/03\/otkrica-za-vas-550x550.png 550w, https:\/\/congressrental.rs\/wp-content\/uploads\/2018\/03\/otkrica-za-vas-600x600.png 600w, https:\/\/congressrental.rs\/wp-content\/uploads\/2018\/03\/otkrica-za-vas-100x100.png 100w\" sizes=\"auto, (max-width: 900px) 100vw, 900px\" \/>\t\t\t\t\t\t\t\t\t<\/div>\n\t\t\t<\/div>\n\t\t\t\t\t<div class=\"mkdf-ig-image mkdf-item-space\">\n\t\t\t\t<div class=\"mkdf-ig-image-inner\">\n\t\t\t\t\t\t\t\t\t\t\t<img loading=\"lazy\" decoding=\"async\" width=\"1410\" height=\"1410\" src=\"https:\/\/congressrental.rs\/wp-content\/uploads\/2018\/03\/Krka-70.png\" class=\"attachment-full size-full\" alt=\"\" srcset=\"https:\/\/congressrental.rs\/wp-content\/uploads\/2018\/03\/Krka-70.png 1410w, https:\/\/congressrental.rs\/wp-content\/uploads\/2018\/03\/Krka-70-300x300.png 300w, https:\/\/congressrental.rs\/wp-content\/uploads\/2018\/03\/Krka-70-1024x1024.png 1024w, https:\/\/congressrental.rs\/wp-content\/uploads\/2018\/03\/Krka-70-150x150.png 150w, https:\/\/congressrental.rs\/wp-content\/uploads\/2018\/03\/Krka-70-768x768.png 768w, https:\/\/congressrental.rs\/wp-content\/uploads\/2018\/03\/Krka-70-550x550.png 550w, https:\/\/congressrental.rs\/wp-content\/uploads\/2018\/03\/Krka-70-1100x1100.png 1100w, https:\/\/congressrental.rs\/wp-content\/uploads\/2018\/03\/Krka-70-600x600.png 600w, https:\/\/congressrental.rs\/wp-content\/uploads\/2018\/03\/Krka-70-100x100.png 100w\" sizes=\"auto, (max-width: 1410px) 100vw, 1410px\" \/>\t\t\t\t\t\t\t\t\t<\/div>\n\t\t\t<\/div>\n\t\t\t\t\t<div class=\"mkdf-ig-image mkdf-item-space\">\n\t\t\t\t<div class=\"mkdf-ig-image-inner\">\n\t\t\t\t\t\t\t\t\t\t\t<img loading=\"lazy\" decoding=\"async\" width=\"2160\" height=\"1620\" src=\"https:\/\/congressrental.rs\/wp-content\/uploads\/2025\/03\/JRQG3897.jpg\" class=\"attachment-full size-full\" alt=\"\" srcset=\"https:\/\/congressrental.rs\/wp-content\/uploads\/2025\/03\/JRQG3897.jpg 2160w, https:\/\/congressrental.rs\/wp-content\/uploads\/2025\/03\/JRQG3897-300x225.jpg 300w, https:\/\/congressrental.rs\/wp-content\/uploads\/2025\/03\/JRQG3897-1024x768.jpg 1024w, https:\/\/congressrental.rs\/wp-content\/uploads\/2025\/03\/JRQG3897-768x576.jpg 768w, https:\/\/congressrental.rs\/wp-content\/uploads\/2025\/03\/JRQG3897-1536x1152.jpg 1536w, https:\/\/congressrental.rs\/wp-content\/uploads\/2025\/03\/JRQG3897-600x450.jpg 600w\" sizes=\"auto, (max-width: 2160px) 100vw, 2160px\" \/>\t\t\t\t\t\t\t\t\t<\/div>\n\t\t\t<\/div>\n\t\t\t<\/div>\n<\/div>\n<\/div><\/div><\/div><\/div><\/section>","protected":false},"excerpt":{"rendered":"Svetlosna oprema Od scenske rasvete do ambijentalnog osvetljenja, nudimo kompletna re\u0161enja za kreiranje dinami\u010dne i upe\u010datljive atmosfere na va\u0161em doga\u0111aju. \u0160irok izbor rasvetne opreme U ponudi imamo: Scenske reflektore i spot svetla LED rasvetu za efekte i nagla\u0161avanje Dimere i [...]","protected":false},"author":1,"featured_media":0,"parent":0,"menu_order":0,"comment_status":"closed","ping_status":"closed","template":"","meta":{"om_disable_all_campaigns":false,"_monsterinsights_skip_tracking":false,"_monsterinsights_sitenote_active":false,"_monsterinsights_sitenote_note":"","_monsterinsights_sitenote_category":0,"footnotes":""},"class_list":["post-3839","page","type-page","status-publish","hentry"],"aioseo_notices":[],"_links":{"self":[{"href":"https:\/\/congressrental.rs\/en\/wp-json\/wp\/v2\/pages\/3839","targetHints":{"allow":["GET"]}}],"collection":[{"href":"https:\/\/congressrental.rs\/en\/wp-json\/wp\/v2\/pages"}],"about":[{"href":"https:\/\/congressrental.rs\/en\/wp-json\/wp\/v2\/types\/page"}],"author":[{"embeddable":true,"href":"https:\/\/congressrental.rs\/en\/wp-json\/wp\/v2\/users\/1"}],"replies":[{"embeddable":true,"href":"https:\/\/congressrental.rs\/en\/wp-json\/wp\/v2\/comments?post=3839"}],"version-history":[{"count":0,"href":"https:\/\/congressrental.rs\/en\/wp-json\/wp\/v2\/pages\/3839\/revisions"}],"wp:attachment":[{"href":"https:\/\/congressrental.rs\/en\/wp-json\/wp\/v2\/media?parent=3839"}],"curies":[{"name":"wp","href":"https:\/\/api.w.org\/{rel}","templated":true}]}}