{"id":687,"date":"2018-02-26T14:57:17","date_gmt":"2018-02-26T14:57:17","guid":{"rendered":"https:\/\/endurer.qodeinteractive.com\/?page_id=687"},"modified":"2025-06-05T10:51:30","modified_gmt":"2025-06-05T10:51:30","slug":"o-nama","status":"publish","type":"page","link":"https:\/\/congressrental.rs\/en\/o-nama\/","title":{"rendered":"About us"},"content":{"rendered":"<section class=\"wpb-content-wrapper\"><div class=\"mkdf-row-grid-section-wrapper\"  style=\"background-color:#f2f1f1\"><div class=\"mkdf-row-grid-section\"><div class=\"vc_row wpb_row vc_row-fluid vc_custom_1520325605842\" ><div class=\"wpb_column vc_column_container vc_col-sm-12\"><div class=\"vc_column-inner\"><div class=\"wpb_wrapper\"><div class=\"mkdf-elements-holder   mkdf-three-columns  mkdf-responsive-mode-1024\" ><div class=\"mkdf-eh-item\"  data-item-class=\"mkdf-eh-custom-7165\" data-1280-1600=\"0px 40px 0px 0px\" data-1024-1280=\"0px 40px 0px 0px\" data-768-1024=\"0px 375px 0px 0px\" data-680-768=\"0px 224px 0px 0px\" data-680=\"0px\">\n\t<div class=\"mkdf-eh-item-inner\">\n\t\t<div class=\"mkdf-eh-item-content mkdf-eh-custom-7165\" style=\"padding: 0px 70px 0px 0px\">\n\t\t\t<div class=\"mkdf-section-title-holder   mkdf-st-has-bckg-image\" >\n\t<div class=\"mkdf-st-inner\" style=\"background-image: url(&#039;&#039;)\">\n\t\t\t\t\t<h2 class=\"mkdf-st-title\" >\n\t\t\t\tMake the difference<br \/>\t\t\t<\/h2>\n\t\t\t\t<div class=\"mkdf-separator-holder clearfix\" >\n\t\t<div class=\"mkdf-separator\" style=\"width: 80px\"><\/div>\n\t<\/div>\n\t<\/div>\n\t\t\t<p class=\"mkdf-st-text\" style=\"margin-top: -6px\">\n\t\t\tChoosing a reliable audio-visual partner is essential for the success of any event, as technical issues can compromise both quality and the overall experience for attendees. Our team of AV professionals provides expert support with the latest equipment and innovative technical solutions, helping you avoid unexpected problems. Whether you're organizing a conference, seminar, hybrid event, or livestream, we ensure seamless operation and stable transmission without the risk of technical failures. With years of experience in managing events of all sizes, we offer dependable and professional support you can count on. The true value of a quality AV partner often becomes clear only when the first problem occurs\u2014but with us, problems never happen.\t\t<\/p>\n\t<\/div>\n<div class=\"vc_empty_space\"   style=\"height: 77px\"><span class=\"vc_empty_space_inner\"><\/span><\/div>\t\t<\/div>\n\t<\/div>\n<\/div><div class=\"mkdf-eh-item\"  data-item-class=\"mkdf-eh-custom-9069\" data-768-1024=\"0px 390px 0px 0px\" data-680-768=\"0px 255px 0px 0px\" data-680=\"0px\">\n\t<div class=\"mkdf-eh-item-inner\">\n\t\t<div class=\"mkdf-eh-item-content mkdf-eh-custom-9069\" style=\"padding: 35px 0 0 0\">\n\t\t\t<div class=\"mkdf-iwt clearfix  mkdf-iwt-icon-left mkdf-iwt-icon-medium mkdf-iwt-has-hover-icon\">\n\t<div class=\"mkdf-iwt-icon\">\n\t\t\t\t\t<a itemprop=\"url\" href=\"#\" target=\"_self\">\n\t\t\t\t\t\t\t\t\t<span class=\"mkdf-iwt-custom-icon\">\n\t\t\t\t\t\t\t\t\t\t\t\t\t\t\t\t<span class=\"mkdf-iwt-hover-icon\">\n\t\t\t\t\t\t\t\t\t\t\t\t\t<\/span>\n\t\t\t\t\t\t\t\t\t<\/span>\n\t\t\t\t\t\t\t\t<\/a>\n\t\t\t<\/div>\n\t<div class=\"mkdf-iwt-content\" >\n\t\t\t\t\t<h5 class=\"mkdf-iwt-title\" style=\"margin-top: 12px\">\n\t\t\t\t\t\t\t\t\t<a itemprop=\"url\" href=\"#\" target=\"_self\">\n\t\t\t\t\t\t\t\t<span class=\"mkdf-iwt-title-text\">Heritage<\/span>\n\t\t\t\t\t\t\t\t\t<\/a>\n\t\t\t\t\t\t\t<\/h5>\n\t\t\t\t\t\t\t<p class=\"mkdf-iwt-text\" style=\"margin-top: 6px\">Podimatas Group, of which we are a proud member, has been operating for over 36 years in Athens, bringing top-tier expertise in event production and management. We have successfully transferred that knowledge and experience to the Serbian market, where we continue to deliver high-quality audio-visual services across the Balkans.<\/p>\n\t\t\t<\/div>\n<\/div><div class=\"vc_empty_space\"   style=\"height: 98px\"><span class=\"vc_empty_space_inner\"><\/span><\/div><div class=\"mkdf-iwt clearfix  mkdf-iwt-icon-left mkdf-iwt-icon-medium mkdf-iwt-has-hover-icon\">\n\t<div class=\"mkdf-iwt-icon\">\n\t\t\t\t\t<a itemprop=\"url\" href=\"#\" target=\"_self\">\n\t\t\t\t\t\t\t\t\t<span class=\"mkdf-iwt-custom-icon\">\n\t\t\t\t\t\t\t\t\t\t\t\t\t\t\t\t<span class=\"mkdf-iwt-hover-icon\">\n\t\t\t\t\t\t\t\t\t\t\t\t\t<\/span>\n\t\t\t\t\t\t\t\t\t<\/span>\n\t\t\t\t\t\t\t\t<\/a>\n\t\t\t<\/div>\n\t<div class=\"mkdf-iwt-content\" >\n\t\t\t\t\t<h5 class=\"mkdf-iwt-title\" style=\"margin-top: 12px\">\n\t\t\t\t\t\t\t\t\t<a itemprop=\"url\" href=\"#\" target=\"_self\">\n\t\t\t\t\t\t\t\t<span class=\"mkdf-iwt-title-text\">Mission<\/span>\n\t\t\t\t\t\t\t\t\t<\/a>\n\t\t\t\t\t\t\t<\/h5>\n\t\t\t\t\t\t\t<p class=\"mkdf-iwt-text\" style=\"margin-top: 6px\">Our mission is to be your trusted partner in event production\u2014anticipating every detail in advance and eliminating potential issues to ensure flawless execution at the highest level.<\/p>\n\t\t\t<\/div>\n<\/div><div class=\"vc_empty_space\"   style=\"height: 77px\"><span class=\"vc_empty_space_inner\"><\/span><\/div>\t\t<\/div>\n\t<\/div>\n<\/div><div class=\"mkdf-eh-item\"  data-item-class=\"mkdf-eh-custom-2123\" data-768-1024=\"0px 400px 0px 0px\" data-680-768=\"0px 250px 0px 0px\" data-680=\"0px\">\n\t<div class=\"mkdf-eh-item-inner\">\n\t\t<div class=\"mkdf-eh-item-content mkdf-eh-custom-2123\" style=\"padding: 35px 0 0 0\">\n\t\t\t<div class=\"mkdf-iwt clearfix  mkdf-iwt-icon-left mkdf-iwt-icon-medium mkdf-iwt-has-hover-icon\">\n\t<div class=\"mkdf-iwt-icon\">\n\t\t\t\t\t<a itemprop=\"url\" href=\"#\" target=\"_self\">\n\t\t\t\t\t\t\t\t\t<span class=\"mkdf-iwt-custom-icon\">\n\t\t\t\t\t\t\t\t\t\t\t\t\t\t\t\t<span class=\"mkdf-iwt-hover-icon\">\n\t\t\t\t\t\t\t\t\t\t\t\t\t<\/span>\n\t\t\t\t\t\t\t\t\t<\/span>\n\t\t\t\t\t\t\t\t<\/a>\n\t\t\t<\/div>\n\t<div class=\"mkdf-iwt-content\" >\n\t\t\t\t\t<h5 class=\"mkdf-iwt-title\" style=\"margin-top: 12px\">\n\t\t\t\t\t\t\t\t\t<a itemprop=\"url\" href=\"#\" target=\"_self\">\n\t\t\t\t\t\t\t\t<span class=\"mkdf-iwt-title-text\">People<\/span>\n\t\t\t\t\t\t\t\t\t<\/a>\n\t\t\t\t\t\t\t<\/h5>\n\t\t\t\t\t\t\t<p class=\"mkdf-iwt-text\" style=\"margin-top: 6px\">Equipment matters\u2014but people are the key to success. Our team of over 20 experienced professionals knows no limits. Through continuous training and development, we empower our technicians to make the most of the high-end equipment at their disposal.<\/p>\n\t\t\t<\/div>\n<\/div><div class=\"vc_empty_space\"   style=\"height: 77px\"><span class=\"vc_empty_space_inner\"><\/span><\/div><div class=\"mkdf-iwt clearfix  mkdf-iwt-icon-left mkdf-iwt-icon-medium mkdf-iwt-has-hover-icon\">\n\t<div class=\"mkdf-iwt-icon\">\n\t\t\t\t\t<a itemprop=\"url\" href=\"#\" target=\"_self\">\n\t\t\t\t\t\t\t\t\t<span class=\"mkdf-iwt-custom-icon\">\n\t\t\t\t\t\t\t\t\t\t\t\t\t\t\t\t<span class=\"mkdf-iwt-hover-icon\">\n\t\t\t\t\t\t\t\t\t\t\t\t\t<\/span>\n\t\t\t\t\t\t\t\t\t<\/span>\n\t\t\t\t\t\t\t\t<\/a>\n\t\t\t<\/div>\n\t<div class=\"mkdf-iwt-content\" >\n\t\t\t\t\t<h5 class=\"mkdf-iwt-title\" style=\"margin-top: 12px\">\n\t\t\t\t\t\t\t\t\t<a itemprop=\"url\" href=\"#\" target=\"_self\">\n\t\t\t\t\t\t\t\t<span class=\"mkdf-iwt-title-text\">Equipment<\/span>\n\t\t\t\t\t\t\t\t\t<\/a>\n\t\t\t\t\t\t\t<\/h5>\n\t\t\t\t\t\t\t<p class=\"mkdf-iwt-text\" style=\"margin-top: 6px\">We use state-of-the-art audio and video equipment from renowned manufacturers, enabling us to deliver events of any scale. With no technical limitations, your vision becomes reality\u2014while our team takes care of every detail.<\/p>\n\t\t\t<\/div>\n<\/div><div class=\"vc_empty_space\"   style=\"height: 77px\"><span class=\"vc_empty_space_inner\"><\/span><\/div>\t\t<\/div>\n\t<\/div>\n<\/div><\/div><div class=\"vc_empty_space\"   style=\"height: 98px\"><span class=\"vc_empty_space_inner\"><\/span><\/div><div class=\"mkdf-image-gallery  mkdf-ig-masonry-type mkdf-large-space   mkdf-image-hover-shader\">\n\t<div class=\"mkdf-ig-inner mkdf-outer-space mkdf-ig-masonry mkdf-ig-two-columns\">\n\t\t<div class=\"mkdf-ig-grid-sizer\"><\/div>\n\t\t<div class=\"mkdf-ig-grid-gutter\"><\/div>\n\t\t\t\t\t\t\t\t<div class=\"mkdf-ig-image mkdf-item-space\">\n\t\t\t\t<div class=\"mkdf-ig-image-inner\">\n\t\t\t\t\t\t\t\t\t\t\t<img loading=\"lazy\" decoding=\"async\" width=\"2560\" height=\"1920\" src=\"https:\/\/congressrental.rs\/wp-content\/uploads\/2025\/03\/IMG_2289-scaled.jpg\" class=\"attachment-full size-full\" alt=\"\" srcset=\"https:\/\/congressrental.rs\/wp-content\/uploads\/2025\/03\/IMG_2289-scaled.jpg 2560w, https:\/\/congressrental.rs\/wp-content\/uploads\/2025\/03\/IMG_2289-300x225.jpg 300w, https:\/\/congressrental.rs\/wp-content\/uploads\/2025\/03\/IMG_2289-1024x768.jpg 1024w, https:\/\/congressrental.rs\/wp-content\/uploads\/2025\/03\/IMG_2289-768x576.jpg 768w, https:\/\/congressrental.rs\/wp-content\/uploads\/2025\/03\/IMG_2289-1536x1152.jpg 1536w, https:\/\/congressrental.rs\/wp-content\/uploads\/2025\/03\/IMG_2289-600x450.jpg 600w\" sizes=\"auto, (max-width: 2560px) 100vw, 2560px\" \/>\t\t\t\t\t\t\t\t\t<\/div>\n\t\t\t<\/div>\n\t\t\t\t\t\t\t\t<div class=\"mkdf-ig-image mkdf-item-space\">\n\t\t\t\t<div class=\"mkdf-ig-image-inner\">\n\t\t\t\t\t\t\t\t\t\t\t<img loading=\"lazy\" decoding=\"async\" width=\"2560\" height=\"1920\" src=\"https:\/\/congressrental.rs\/wp-content\/uploads\/2025\/03\/IMG_2263-scaled.jpg\" class=\"attachment-full size-full\" alt=\"\" srcset=\"https:\/\/congressrental.rs\/wp-content\/uploads\/2025\/03\/IMG_2263-scaled.jpg 2560w, https:\/\/congressrental.rs\/wp-content\/uploads\/2025\/03\/IMG_2263-300x225.jpg 300w, https:\/\/congressrental.rs\/wp-content\/uploads\/2025\/03\/IMG_2263-1024x768.jpg 1024w, https:\/\/congressrental.rs\/wp-content\/uploads\/2025\/03\/IMG_2263-768x576.jpg 768w, https:\/\/congressrental.rs\/wp-content\/uploads\/2025\/03\/IMG_2263-1536x1152.jpg 1536w, https:\/\/congressrental.rs\/wp-content\/uploads\/2025\/03\/IMG_2263-600x450.jpg 600w\" sizes=\"auto, (max-width: 2560px) 100vw, 2560px\" \/>\t\t\t\t\t\t\t\t\t<\/div>\n\t\t\t<\/div>\n\t\t\t\t\t\t\t\t<div class=\"mkdf-ig-image mkdf-item-space\">\n\t\t\t\t<div class=\"mkdf-ig-image-inner\">\n\t\t\t\t\t\t\t\t\t\t\t<img loading=\"lazy\" decoding=\"async\" width=\"2560\" height=\"1920\" src=\"https:\/\/congressrental.rs\/wp-content\/uploads\/2025\/03\/TUDK6783-scaled.jpg\" class=\"attachment-full size-full\" alt=\"\" srcset=\"https:\/\/congressrental.rs\/wp-content\/uploads\/2025\/03\/TUDK6783-scaled.jpg 2560w, https:\/\/congressrental.rs\/wp-content\/uploads\/2025\/03\/TUDK6783-300x225.jpg 300w, https:\/\/congressrental.rs\/wp-content\/uploads\/2025\/03\/TUDK6783-1024x768.jpg 1024w, https:\/\/congressrental.rs\/wp-content\/uploads\/2025\/03\/TUDK6783-768x576.jpg 768w, https:\/\/congressrental.rs\/wp-content\/uploads\/2025\/03\/TUDK6783-1536x1152.jpg 1536w, https:\/\/congressrental.rs\/wp-content\/uploads\/2025\/03\/TUDK6783-600x450.jpg 600w\" sizes=\"auto, (max-width: 2560px) 100vw, 2560px\" \/>\t\t\t\t\t\t\t\t\t<\/div>\n\t\t\t<\/div>\n\t\t\t\t\t\t\t\t<div class=\"mkdf-ig-image mkdf-item-space\">\n\t\t\t\t<div class=\"mkdf-ig-image-inner\">\n\t\t\t\t\t\t\t\t\t\t\t<img loading=\"lazy\" decoding=\"async\" width=\"2560\" height=\"1920\" src=\"https:\/\/congressrental.rs\/wp-content\/uploads\/2025\/03\/IMG_1977-scaled.jpg\" class=\"attachment-full size-full\" alt=\"\" srcset=\"https:\/\/congressrental.rs\/wp-content\/uploads\/2025\/03\/IMG_1977-scaled.jpg 2560w, https:\/\/congressrental.rs\/wp-content\/uploads\/2025\/03\/IMG_1977-300x225.jpg 300w, https:\/\/congressrental.rs\/wp-content\/uploads\/2025\/03\/IMG_1977-1024x768.jpg 1024w, https:\/\/congressrental.rs\/wp-content\/uploads\/2025\/03\/IMG_1977-768x576.jpg 768w, https:\/\/congressrental.rs\/wp-content\/uploads\/2025\/03\/IMG_1977-1536x1152.jpg 1536w, https:\/\/congressrental.rs\/wp-content\/uploads\/2025\/03\/IMG_1977-600x450.jpg 600w\" sizes=\"auto, (max-width: 2560px) 100vw, 2560px\" \/>\t\t\t\t\t\t\t\t\t<\/div>\n\t\t\t<\/div>\n\t\t\t\t\t\t\t\t<div class=\"mkdf-ig-image mkdf-item-space\">\n\t\t\t\t<div class=\"mkdf-ig-image-inner\">\n\t\t\t\t\t\t\t\t\t\t\t<img loading=\"lazy\" decoding=\"async\" width=\"2560\" height=\"1920\" src=\"https:\/\/congressrental.rs\/wp-content\/uploads\/2025\/03\/IMG_1632-scaled.jpg\" class=\"attachment-full size-full\" alt=\"\" srcset=\"https:\/\/congressrental.rs\/wp-content\/uploads\/2025\/03\/IMG_1632-scaled.jpg 2560w, https:\/\/congressrental.rs\/wp-content\/uploads\/2025\/03\/IMG_1632-300x225.jpg 300w, https:\/\/congressrental.rs\/wp-content\/uploads\/2025\/03\/IMG_1632-1024x768.jpg 1024w, https:\/\/congressrental.rs\/wp-content\/uploads\/2025\/03\/IMG_1632-768x576.jpg 768w, https:\/\/congressrental.rs\/wp-content\/uploads\/2025\/03\/IMG_1632-1536x1152.jpg 1536w, https:\/\/congressrental.rs\/wp-content\/uploads\/2025\/03\/IMG_1632-600x450.jpg 600w\" sizes=\"auto, (max-width: 2560px) 100vw, 2560px\" \/>\t\t\t\t\t\t\t\t\t<\/div>\n\t\t\t<\/div>\n\t\t\t\t\t\t\t\t<div class=\"mkdf-ig-image mkdf-item-space\">\n\t\t\t\t<div class=\"mkdf-ig-image-inner\">\n\t\t\t\t\t\t\t\t\t\t\t<img loading=\"lazy\" decoding=\"async\" width=\"2160\" height=\"1620\" src=\"https:\/\/congressrental.rs\/wp-content\/uploads\/2025\/03\/JRQG3897.jpg\" class=\"attachment-full size-full\" alt=\"\" srcset=\"https:\/\/congressrental.rs\/wp-content\/uploads\/2025\/03\/JRQG3897.jpg 2160w, https:\/\/congressrental.rs\/wp-content\/uploads\/2025\/03\/JRQG3897-300x225.jpg 300w, https:\/\/congressrental.rs\/wp-content\/uploads\/2025\/03\/JRQG3897-1024x768.jpg 1024w, https:\/\/congressrental.rs\/wp-content\/uploads\/2025\/03\/JRQG3897-768x576.jpg 768w, https:\/\/congressrental.rs\/wp-content\/uploads\/2025\/03\/JRQG3897-1536x1152.jpg 1536w, https:\/\/congressrental.rs\/wp-content\/uploads\/2025\/03\/JRQG3897-600x450.jpg 600w\" sizes=\"auto, (max-width: 2160px) 100vw, 2160px\" \/>\t\t\t\t\t\t\t\t\t<\/div>\n\t\t\t<\/div>\n\t\t\t<\/div>\n<\/div>\n<div class=\"vc_row wpb_row vc_inner vc_row-fluid\" ><div class=\"wpb_column vc_column_container vc_col-sm-12\"><div class=\"vc_column-inner\"><div class=\"wpb_wrapper\"><div class=\"mkdf-clients-carousel-holder mkdf-cc-hover-switch-images\">\n\t<div class=\"mkdf-cc-inner mkdf-owl-slider\" data-number-of-items=\"4\" data-enable-loop=\"no\" data-enable-autoplay=\"yes\" data-slider-speed=\"5000\" data-slider-speed-animation=\"600\" data-enable-navigation=\"no\" data-enable-pagination=\"no\" data-number-of-rows=\"1\">\n\t\t<div class=\"mkdf-cc-item\">\n\t\t\t<a itemprop=\"url\" class=\"mkdf-cc-link mkdf-block-drag-link\" href=\"https:\/\/congressrentalnetwork.com\/\" target=\"_blank\">\n\t\t\t\t\t\t<img decoding=\"async\" itemprop=\"image\" class=\"mkdf-cc-image\" src=\"https:\/\/congressrental.rs\/wp-content\/uploads\/2025\/04\/Congress-Rental-Network-negative.png\" alt=\"\" \/>\n\t\t\t\t\t\t\t<img decoding=\"async\" itemprop=\"image\" class=\"mkdf-cc-hover-image\" src=\"https:\/\/congressrental.rs\/wp-content\/uploads\/2025\/04\/Congress-Rental-Network.png\" alt=\"\" \/>\n\t\t\t\t\t<\/a>\n\t<\/div><div class=\"mkdf-cc-item\">\n\t\t\t<a itemprop=\"url\" class=\"mkdf-cc-link mkdf-block-drag-link\" href=\"https:\/\/avalliance.com\/\" target=\"_blank\">\n\t\t\t\t\t\t<img decoding=\"async\" itemprop=\"image\" class=\"mkdf-cc-image\" src=\"https:\/\/congressrental.rs\/wp-content\/uploads\/2025\/04\/av-negative.png\" alt=\"\" \/>\n\t\t\t\t\t\t\t<img decoding=\"async\" itemprop=\"image\" class=\"mkdf-cc-hover-image\" src=\"https:\/\/congressrental.rs\/wp-content\/uploads\/2025\/04\/av-color.png\" alt=\"\" \/>\n\t\t\t\t\t<\/a>\n\t<\/div><div class=\"mkdf-cc-item\">\n\t\t\t<a itemprop=\"url\" class=\"mkdf-cc-link mkdf-block-drag-link\" href=\"https:\/\/www.podimatas.gr\/en\/podimatas-group-corporate-events\/\" target=\"_blank\">\n\t\t\t\t\t\t<img decoding=\"async\" itemprop=\"image\" class=\"mkdf-cc-image\" src=\"https:\/\/congressrental.rs\/wp-content\/uploads\/2025\/04\/Podimatas-Group-Negative.png\" alt=\"\" \/>\n\t\t\t\t\t\t\t<img decoding=\"async\" itemprop=\"image\" class=\"mkdf-cc-hover-image\" src=\"https:\/\/congressrental.rs\/wp-content\/uploads\/2025\/04\/Podimatas-Group.png\" alt=\"\" \/>\n\t\t\t\t\t<\/a>\n\t<\/div><div class=\"mkdf-cc-item\">\n\t\t\t<a itemprop=\"url\" class=\"mkdf-cc-link mkdf-block-drag-link\" href=\"https:\/\/www.hba.rs\/\" target=\"_blank\">\n\t\t\t\t\t\t<img decoding=\"async\" itemprop=\"image\" class=\"mkdf-cc-image\" src=\"https:\/\/congressrental.rs\/wp-content\/uploads\/2025\/04\/HBA-2.png\" alt=\"\" \/>\n\t\t\t\t\t\t\t<img decoding=\"async\" itemprop=\"image\" class=\"mkdf-cc-hover-image\" src=\"https:\/\/congressrental.rs\/wp-content\/uploads\/2025\/04\/HBA-1.png\" alt=\"\" \/>\n\t\t\t\t\t<\/a>\n\t<\/div>\t<\/div>\n<\/div><\/div><\/div><\/div><\/div><\/div><\/div><\/div><\/div><\/div><\/div>\n<\/section>","protected":false},"excerpt":{"rendered":"Napravi razliku Odabir pouzdanog audio - video partnera klju\u010dan je za uspeh svakog doga\u0111aja jer tehni\u010dki problemi mogu ugroziti kvalitet i iskustvo u\u010desnika. Na\u0161 tim audio-video stru\u010dnjaka pru\u017ea profesionalnu podr\u0161ku sa najnovijom opremom i tehni\u010dkim re\u0161enjima kako biste izbegli nepredvi\u0111ene [...]","protected":false},"author":1,"featured_media":0,"parent":0,"menu_order":0,"comment_status":"closed","ping_status":"closed","template":"full-width.php","meta":{"om_disable_all_campaigns":false,"_monsterinsights_skip_tracking":false,"_monsterinsights_sitenote_active":false,"_monsterinsights_sitenote_note":"","_monsterinsights_sitenote_category":0,"footnotes":""},"class_list":["post-687","page","type-page","status-publish","hentry"],"aioseo_notices":[],"_links":{"self":[{"href":"https:\/\/congressrental.rs\/en\/wp-json\/wp\/v2\/pages\/687","targetHints":{"allow":["GET"]}}],"collection":[{"href":"https:\/\/congressrental.rs\/en\/wp-json\/wp\/v2\/pages"}],"about":[{"href":"https:\/\/congressrental.rs\/en\/wp-json\/wp\/v2\/types\/page"}],"author":[{"embeddable":true,"href":"https:\/\/congressrental.rs\/en\/wp-json\/wp\/v2\/users\/1"}],"replies":[{"embeddable":true,"href":"https:\/\/congressrental.rs\/en\/wp-json\/wp\/v2\/comments?post=687"}],"version-history":[{"count":0,"href":"https:\/\/congressrental.rs\/en\/wp-json\/wp\/v2\/pages\/687\/revisions"}],"wp:attachment":[{"href":"https:\/\/congressrental.rs\/en\/wp-json\/wp\/v2\/media?parent=687"}],"curies":[{"name":"wp","href":"https:\/\/api.w.org\/{rel}","templated":true}]}}