{"id":3825,"date":"2025-04-01T14:43:42","date_gmt":"2025-04-01T14:43:42","guid":{"rendered":"https:\/\/2025.congressrental.rs\/?page_id=3825"},"modified":"2025-04-02T08:34:55","modified_gmt":"2025-04-02T08:34:55","slug":"audio-oprema","status":"publish","type":"page","link":"https:\/\/congressrental.rs\/ru\/audio-oprema\/","title":{"rendered":"\u0410\u0443\u0434\u0438\u043e \u043e\u0431\u043e\u0440\u0443\u0434\u043e\u0432\u0430\u043d\u0438\u0435"},"content":{"rendered":"<section class=\"wpb-content-wrapper\"><div class=\"vc_row wpb_row vc_row-fluid\" ><div class=\"wpb_column vc_column_container vc_col-sm-12\"><div class=\"vc_column-inner\"><div class=\"wpb_wrapper\">\n\t<div class=\"wpb_text_column wpb_content_element\" >\n\t\t<div class=\"wpb_wrapper\">\n\t\t\t<h3 class=\"wp-block-heading\">\u0410\u0443\u0434\u0438\u043e \u043e\u0431\u043e\u0440\u0443\u0434\u043e\u0432\u0430\u043d\u0438\u0435<\/h3>\n<p>\u041a\u043e\u0433\u0434\u0430 \u0440\u0435\u0447\u044c \u0438\u0434\u0451\u0442 \u043e\u0431 \u0430\u0440\u0435\u043d\u0434\u0435 \u0430\u0443\u0434\u0438\u043e\u043e\u0431\u043e\u0440\u0443\u0434\u043e\u0432\u0430\u043d\u0438\u044f \u0438 \u0442\u0435\u0445\u043d\u0438\u0447\u0435\u0441\u043a\u043e\u0439 \u043f\u043e\u0434\u0434\u0435\u0440\u0436\u043a\u0435 \u043c\u0435\u0440\u043e\u043f\u0440\u0438\u044f\u0442\u0438\u0439,\n\u043c\u044b \u043f\u0440\u0435\u0434\u043b\u0430\u0433\u0430\u0435\u043c \u0448\u0438\u0440\u043e\u043a\u0438\u0439 \u0430\u0441\u0441\u043e\u0440\u0442\u0438\u043c\u0435\u043d\u0442 \u0432\u044b\u0441\u043e\u043a\u043e\u043a\u0430\u0447\u0435\u0441\u0442\u0432\u0435\u043d\u043d\u043e\u0439 \u0442\u0435\u0445\u043d\u0438\u043a\u0438 \u0438 \u043e\u043f\u044b\u0442\u043d\u044b\u0445 \u0441\u043f\u0435\u0446\u0438\u0430\u043b\u0438\u0441\u0442\u043e\u0432, \u043a\u043e\u0442\u043e\u0440\u044b\u0435 \u043e\u0431\u0435\u0441\u043f\u0435\u0447\u0430\u0442 \u0431\u0435\u0437\u0443\u043f\u0440\u0435\u0447\u043d\u043e\u0435 \u0437\u0432\u0443\u0447\u0430\u043d\u0438\u0435 \u0432\u0430\u0448\u0435\u0433\u043e \u0441\u043e\u0431\u044b\u0442\u0438\u044f.<\/p>\n<p>\u041d\u0430\u0448\u0430 \u043a\u043e\u043c\u0430\u043d\u0434\u0430 \u044d\u043a\u0441\u043f\u0435\u0440\u0442\u043e\u0432 \u043f\u0440\u0435\u0434\u043e\u0441\u0442\u0430\u0432\u043b\u044f\u0435\u0442 \u043f\u043e\u043b\u043d\u044b\u0439 \u0441\u043f\u0435\u043a\u0442\u0440 \u0443\u0441\u043b\u0443\u0433 \u2014 \u043e\u0442 \u043f\u043b\u0430\u043d\u0438\u0440\u043e\u0432\u0430\u043d\u0438\u044f \u0438 \u043b\u043e\u0433\u0438\u0441\u0442\u0438\u043a\u0438 \u0434\u043e \u0443\u0441\u0442\u0430\u043d\u043e\u0432\u043a\u0438 \u0438 \u0443\u043f\u0440\u0430\u0432\u043b\u0435\u043d\u0438\u044f \u043e\u0431\u043e\u0440\u0443\u0434\u043e\u0432\u0430\u043d\u0438\u0435\u043c. \u041d\u0435\u0437\u0430\u0432\u0438\u0441\u0438\u043c\u043e \u043e\u0442 \u0442\u043e\u0433\u043e, \u043e\u0440\u0433\u0430\u043d\u0438\u0437\u0443\u0435\u0442\u0435 \u043b\u0438 \u0432\u044b \u043d\u0435\u0431\u043e\u043b\u044c\u0448\u0443\u044e \u0434\u0435\u043b\u043e\u0432\u0443\u044e \u043a\u043e\u043d\u0444\u0435\u0440\u0435\u043d\u0446\u0438\u044e, \u0441\u0435\u043c\u0438\u043d\u0430\u0440, \u0441\u0432\u0430\u0434\u044c\u0431\u0443\n\u0438\u043b\u0438 \u043a\u0440\u0443\u043f\u043d\u043e\u0435 \u043a\u043e\u0440\u043f\u043e\u0440\u0430\u0442\u0438\u0432\u043d\u043e\u0435 \u043c\u0435\u0440\u043e\u043f\u0440\u0438\u044f\u0442\u0438\u0435 \u2014 \u043c\u044b \u0433\u0430\u0440\u0430\u043d\u0442\u0438\u0440\u0443\u0435\u043c \u043e\u0442\u043b\u0438\u0447\u043d\u044b\u0439 \u0437\u0432\u0443\u043a\n\u0438 \u0432\u044b\u0441\u043e\u043a\u043e\u043f\u0440\u043e\u0444\u0435\u0441\u0441\u0438\u043e\u043d\u0430\u043b\u044c\u043d\u0443\u044e \u0442\u0435\u0445\u043d\u0438\u0447\u0435\u0441\u043a\u0443\u044e \u0440\u0435\u0430\u043b\u0438\u0437\u0430\u0446\u0438\u044e.<\/p>\n<p>\u0412 \u043d\u0430\u0448\u0435\u043c \u0430\u0441\u0441\u043e\u0440\u0442\u0438\u043c\u0435\u043d\u0442\u0435:<\/p>\n<ul>\n<li>\u041f\u0440\u043e\u0444\u0435\u0441\u0441\u0438\u043e\u043d\u0430\u043b\u044c\u043d\u044b\u0435 \u043c\u0438\u043a\u0440\u043e\u0444\u043e\u043d\u044b (\u043f\u0440\u043e\u0432\u043e\u0434\u043d\u044b\u0435 \u0438 \u0431\u0435\u0441\u043f\u0440\u043e\u0432\u043e\u0434\u043d\u044b\u0435)<\/li>\n<li>\u0417\u0432\u0443\u043a\u043e\u0432\u044b\u0435 \u0441\u0438\u0441\u0442\u0435\u043c\u044b \u2013 \u043a\u043e\u043b\u043e\u043d\u043a\u0438, \u0443\u0441\u0438\u043b\u0438\u0442\u0435\u043b\u0438 \u0438 \u0441\u0430\u0431\u0432\u0443\u0444\u0435\u0440\u044b<\/li>\n<li>\u0410\u0443\u0434\u0438\u043e\u043c\u0438\u043a\u0448\u0435\u0440\u044b \u0438 \u043f\u0440\u043e\u0446\u0435\u0441\u0441\u043e\u0440\u044b \u043e\u0431\u0440\u0430\u0431\u043e\u0442\u043a\u0438 \u0437\u0432\u0443\u043a\u0430<\/li>\n<li>\u041a\u043e\u043d\u0444\u0435\u0440\u0435\u043d\u0446-\u0441\u0438\u0441\u0442\u0435\u043c\u044b \u0438 \u043e\u0431\u043e\u0440\u0443\u0434\u043e\u0432\u0430\u043d\u0438\u0435 \u0434\u043b\u044f \u0441\u0438\u043d\u0445\u0440\u043e\u043d\u043d\u043e\u0433\u043e \u043f\u0435\u0440\u0435\u0432\u043e\u0434\u0430<\/li>\n<li>\u0421\u043e\u043f\u0443\u0442\u0441\u0442\u0432\u0443\u044e\u0449\u0435\u0435 \u043e\u0431\u043e\u0440\u0443\u0434\u043e\u0432\u0430\u043d\u0438\u0435 \u0434\u043b\u044f \u0438\u0434\u0435\u0430\u043b\u044c\u043d\u043e\u0433\u043e \u0437\u0432\u0443\u043a\u043e\u0432\u043e\u0433\u043e \u0432\u043e\u0441\u043f\u0440\u0438\u044f\u0442\u0438\u044f<\/li>\n<\/ul>\n<p>&nbsp;<\/p>\n<p><!-- \/wp:post-content --><\/p>\n<p><!-- wp:paragraph {\"className\":\"\"} -->\u041d\u0430\u0448\u0438 \u0442\u0435\u0445\u043d\u0438\u0447\u0435\u0441\u043a\u0438\u0435 \u0441\u043f\u0435\u0446\u0438\u0430\u043b\u0438\u0441\u0442\u044b \u043e\u0431\u043b\u0430\u0434\u0430\u044e\u0442 \u043c\u043d\u043e\u0433\u043e\u043b\u0435\u0442\u043d\u0438\u043c \u043e\u043f\u044b\u0442\u043e\u043c \u0432 \u0443\u0441\u0442\u0430\u043d\u043e\u0432\u043a\u0435 \u0438 \u0443\u043f\u0440\u0430\u0432\u043b\u0435\u043d\u0438\u0438 \u0430\u0443\u0434\u0438\u043e\u0441\u0438\u0441\u0442\u0435\u043c\u0430\u043c\u0438.\n\u041e\u043d\u0438 \u0431\u0443\u0434\u0443\u0442 \u043f\u0440\u0438\u0441\u0443\u0442\u0441\u0442\u0432\u043e\u0432\u0430\u0442\u044c \u043d\u0430 \u043c\u0435\u0441\u0442\u0435 \u043d\u0430 \u043f\u0440\u043e\u0442\u044f\u0436\u0435\u043d\u0438\u0438 \u0432\u0441\u0435\u0433\u043e \u043c\u0435\u0440\u043e\u043f\u0440\u0438\u044f\u0442\u0438\u044f,\n\u043e\u0431\u0435\u0441\u043f\u0435\u0447\u0438\u0432\u0430\u044f \u0442\u0435\u0445\u043d\u0438\u0447\u0435\u0441\u043a\u0443\u044e \u043f\u043e\u0434\u0434\u0435\u0440\u0436\u043a\u0443 \u0438 \u0441\u0442\u0430\u0431\u0438\u043b\u044c\u043d\u043e\u0441\u0442\u044c \u0437\u0432\u0443\u043a\u0430.\n\u041c\u044b \u043f\u043e\u043d\u0438\u043c\u0430\u0435\u043c, \u043d\u0430\u0441\u043a\u043e\u043b\u044c\u043a\u043e \u0432\u0430\u0436\u0435\u043d \u043a\u0430\u0447\u0435\u0441\u0442\u0432\u0435\u043d\u043d\u044b\u0439 \u0437\u0432\u0443\u043a \u0434\u043b\u044f \u0443\u0441\u043f\u0435\u0445\u0430 \u0441\u043e\u0431\u044b\u0442\u0438\u044f \u2014\n\u043f\u043e\u044d\u0442\u043e\u043c\u0443 \u0433\u0430\u0440\u0430\u043d\u0442\u0438\u0440\u0443\u0435\u043c \u0432\u044b\u0441\u043e\u043a\u043e\u043a\u043b\u0430\u0441\u0441\u043d\u043e\u0435 \u0430\u0443\u0434\u0438\u043e \u0441\u043e\u043f\u0440\u043e\u0432\u043e\u0436\u0434\u0435\u043d\u0438\u0435.<\/p>\n<p>\u0414\u043e\u043f\u043e\u043b\u043d\u0438\u0442\u0435\u043b\u044c\u043d\u043e \u043c\u044b \u043f\u0440\u0435\u0434\u043b\u0430\u0433\u0430\u0435\u043c:<\/p>\n<ul>\n<li>\u041f\u0440\u043e\u0435\u043a\u0442\u0438\u0440\u043e\u0432\u0430\u043d\u0438\u0435 \u0438 \u043d\u0430\u0441\u0442\u0440\u043e\u0439\u043a\u0443 \u0430\u0443\u0434\u0438\u043e\u0441\u0438\u0441\u0442\u0435\u043c \u0441 \u0443\u0447\u0451\u0442\u043e\u043c \u043e\u0441\u043e\u0431\u0435\u043d\u043d\u043e\u0441\u0442\u0435\u0439 \u043f\u043b\u043e\u0449\u0430\u0434\u043a\u0438<\/li>\n<li>\u041f\u0440\u043e\u0444\u0435\u0441\u0441\u0438\u043e\u043d\u0430\u043b\u044c\u043d\u044b\u0439 \u043c\u043e\u043d\u0442\u0430\u0436 \u0438 \u0442\u043e\u0447\u043d\u0443\u044e \u043a\u0430\u043b\u0438\u0431\u0440\u043e\u0432\u043a\u0443 \u0437\u0432\u0443\u043a\u0430<\/li>\n<li>\u0422\u0435\u0445\u043d\u0438\u0447\u0435\u0441\u043a\u0443\u044e \u043f\u043e\u0434\u0434\u0435\u0440\u0436\u043a\u0443 \u043d\u0430 \u0432\u0441\u0451\u043c \u043f\u0440\u043e\u0442\u044f\u0436\u0435\u043d\u0438\u0438 \u043c\u0435\u0440\u043e\u043f\u0440\u0438\u044f\u0442\u0438\u044f<\/li>\n<li>\u0411\u044b\u0441\u0442\u0440\u044b\u0439 \u0438 \u0430\u043a\u043a\u0443\u0440\u0430\u0442\u043d\u044b\u0439 \u0434\u0435\u043c\u043e\u043d\u0442\u0430\u0436 \u043f\u043e \u0435\u0433\u043e \u0437\u0430\u0432\u0435\u0440\u0448\u0435\u043d\u0438\u0438<\/li>\n<\/ul>\n<p><!-- \/wp:paragraph --><\/p>\n<p>&nbsp;<\/p>\n<p><!-- \/wp:list --><\/p>\n<p><!-- wp:paragraph {\"className\":\"\"} -->\u042f\u0432\u043b\u044f\u044f\u0441\u044c \u0447\u0430\u0441\u0442\u044c\u044e \u043c\u0435\u0436\u0434\u0443\u043d\u0430\u0440\u043e\u0434\u043d\u044b\u0445 \u0441\u0435\u0442\u0435\u0439\u00a0<strong>AV Alliance, Podimatas Group i Congress Rental Network<\/strong>, \u043c\u044b \u043f\u0440\u0435\u0434\u043e\u0441\u0442\u0430\u0432\u043b\u044f\u0435\u043c \u043e\u0431\u043e\u0440\u0443\u0434\u043e\u0432\u0430\u043d\u0438\u0435 \u0438 \u0443\u0441\u043b\u0443\u0433\u0438 \u0432 \u0441\u043e\u043e\u0442\u0432\u0435\u0442\u0441\u0442\u0432\u0438\u0438 \u0441 \u043d\u0430\u0438\u0432\u044b\u0441\u0448\u0438\u043c\u0438 \u043c\u0438\u0440\u043e\u0432\u044b\u043c\u0438 \u0441\u0442\u0430\u043d\u0434\u0430\u0440\u0442\u0430\u043c\u0438.\n\u041c\u044b \u0440\u0430\u0431\u043e\u0442\u0430\u0435\u043c \u0438\u0441\u043a\u043b\u044e\u0447\u0438\u0442\u0435\u043b\u044c\u043d\u043e \u0441 \u043f\u0440\u0438\u0437\u043d\u0430\u043d\u043d\u044b\u043c\u0438 \u0431\u0440\u0435\u043d\u0434\u0430\u043c\u0438:\u00a0<strong>Bosch, Sennheiser, Electro-Voice, JBL, Midas<\/strong>\u00a0\u0438 \u0434\u0440\u0443\u0433\u0438\u043c\u0438, \u0447\u0442\u043e \u0433\u0430\u0440\u0430\u043d\u0442\u0438\u0440\u0443\u0435\u0442 \u043d\u0430\u0434\u0451\u0436\u043d\u043e\u0441\u0442\u044c \u0438 \u043a\u0430\u0447\u0435\u0441\u0442\u0432\u043e.<\/p>\n<p><!-- \/wp:paragraph --><\/p>\n<p><!-- wp:paragraph {\"className\":\"\"} -->\u0421\u0432\u044f\u0436\u0438\u0442\u0435\u0441\u044c \u0441 \u043d\u0430\u043c\u0438 \u0443\u0436\u0435 \u0441\u0435\u0433\u043e\u0434\u043d\u044f \u0438 \u043e\u0431\u0435\u0441\u043f\u0435\u0447\u044c\u0442\u0435 \u0438\u0434\u0435\u0430\u043b\u044c\u043d\u044b\u0439 \u0437\u0432\u0443\u043a \u0434\u043b\u044f \u0432\u0430\u0448\u0435\u0433\u043e \u0441\u043b\u0435\u0434\u0443\u044e\u0449\u0435\u0433\u043e \u043c\u0435\u0440\u043e\u043f\u0440\u0438\u044f\u0442\u0438\u044f!<\/p>\n<p><!-- \/wp:paragraph --><\/p>\n\n\t\t<\/div>\n\t<\/div>\n<div class=\"mkdf-separator-holder clearfix  mkdf-separator-center mkdf-separator-full-width\" >\n\t\t<div class=\"mkdf-separator\" style=\"border-color: #1e73be\"><\/div>\n\t<\/div>\n<\/div><\/div><\/div><\/div><div class=\"vc_row wpb_row vc_row-fluid\" ><div class=\"wpb_column vc_column_container vc_col-sm-12\"><div class=\"vc_column-inner\"><div class=\"wpb_wrapper\"><div class=\"mkdf-image-gallery  mkdf-ig-grid-type mkdf-large-space   mkdf-image-hover-shader\">\n\t<div class=\"mkdf-ig-inner mkdf-outer-space mkdf-ig-grid mkdf-ig-two-columns\">\n\t\t\t\t\t<div class=\"mkdf-ig-image mkdf-item-space\">\n\t\t\t\t<div class=\"mkdf-ig-image-inner\">\n\t\t\t\t\t\t\t\t\t\t\t<img loading=\"lazy\" decoding=\"async\" width=\"1920\" height=\"2560\" src=\"https:\/\/congressrental.rs\/wp-content\/uploads\/2018\/03\/IMG_1465-scaled.jpg\" class=\"attachment-full size-full\" alt=\"\" srcset=\"https:\/\/congressrental.rs\/wp-content\/uploads\/2018\/03\/IMG_1465-scaled.jpg 1920w, https:\/\/congressrental.rs\/wp-content\/uploads\/2018\/03\/IMG_1465-225x300.jpg 225w, https:\/\/congressrental.rs\/wp-content\/uploads\/2018\/03\/IMG_1465-768x1024.jpg 768w, https:\/\/congressrental.rs\/wp-content\/uploads\/2018\/03\/IMG_1465-1152x1536.jpg 1152w, https:\/\/congressrental.rs\/wp-content\/uploads\/2018\/03\/IMG_1465-1536x2048.jpg 1536w, https:\/\/congressrental.rs\/wp-content\/uploads\/2018\/03\/IMG_1465-600x800.jpg 600w\" sizes=\"auto, (max-width: 1920px) 100vw, 1920px\" \/>\t\t\t\t\t\t\t\t\t<\/div>\n\t\t\t<\/div>\n\t\t\t\t\t<div class=\"mkdf-ig-image mkdf-item-space\">\n\t\t\t\t<div class=\"mkdf-ig-image-inner\">\n\t\t\t\t\t\t\t\t\t\t\t<img loading=\"lazy\" decoding=\"async\" width=\"800\" height=\"534\" src=\"https:\/\/congressrental.rs\/wp-content\/uploads\/2025\/03\/zvuk.webp\" class=\"attachment-full size-full\" alt=\"\" srcset=\"https:\/\/congressrental.rs\/wp-content\/uploads\/2025\/03\/zvuk.webp 800w, https:\/\/congressrental.rs\/wp-content\/uploads\/2025\/03\/zvuk-300x200.webp 300w, https:\/\/congressrental.rs\/wp-content\/uploads\/2025\/03\/zvuk-768x513.webp 768w, https:\/\/congressrental.rs\/wp-content\/uploads\/2025\/03\/zvuk-600x401.webp 600w\" sizes=\"auto, (max-width: 800px) 100vw, 800px\" \/>\t\t\t\t\t\t\t\t\t<\/div>\n\t\t\t<\/div>\n\t\t\t\t\t<div class=\"mkdf-ig-image mkdf-item-space\">\n\t\t\t\t<div class=\"mkdf-ig-image-inner\">\n\t\t\t\t\t\t\t\t\t\t\t<img loading=\"lazy\" decoding=\"async\" width=\"1280\" height=\"720\" src=\"https:\/\/congressrental.rs\/wp-content\/uploads\/2025\/03\/img4.jpg\" class=\"attachment-full size-full\" alt=\"\" srcset=\"https:\/\/congressrental.rs\/wp-content\/uploads\/2025\/03\/img4.jpg 1280w, https:\/\/congressrental.rs\/wp-content\/uploads\/2025\/03\/img4-600x338.jpg 600w, https:\/\/congressrental.rs\/wp-content\/uploads\/2025\/03\/img4-300x169.jpg 300w, https:\/\/congressrental.rs\/wp-content\/uploads\/2025\/03\/img4-1024x576.jpg 1024w, https:\/\/congressrental.rs\/wp-content\/uploads\/2025\/03\/img4-768x432.jpg 768w\" sizes=\"auto, (max-width: 1280px) 100vw, 1280px\" \/>\t\t\t\t\t\t\t\t\t<\/div>\n\t\t\t<\/div>\n\t\t\t\t\t<div class=\"mkdf-ig-image mkdf-item-space\">\n\t\t\t\t<div class=\"mkdf-ig-image-inner\">\n\t\t\t\t\t\t\t\t\t\t\t<img loading=\"lazy\" decoding=\"async\" width=\"976\" height=\"1952\" src=\"https:\/\/congressrental.rs\/wp-content\/uploads\/2018\/03\/Kinezi.png\" class=\"attachment-full size-full\" alt=\"\" srcset=\"https:\/\/congressrental.rs\/wp-content\/uploads\/2018\/03\/Kinezi.png 976w, https:\/\/congressrental.rs\/wp-content\/uploads\/2018\/03\/Kinezi-150x300.png 150w, https:\/\/congressrental.rs\/wp-content\/uploads\/2018\/03\/Kinezi-512x1024.png 512w, https:\/\/congressrental.rs\/wp-content\/uploads\/2018\/03\/Kinezi-768x1536.png 768w, https:\/\/congressrental.rs\/wp-content\/uploads\/2018\/03\/Kinezi-550x1100.png 550w, https:\/\/congressrental.rs\/wp-content\/uploads\/2018\/03\/Kinezi-600x1200.png 600w\" sizes=\"auto, (max-width: 976px) 100vw, 976px\" \/>\t\t\t\t\t\t\t\t\t<\/div>\n\t\t\t<\/div>\n\t\t\t<\/div>\n<\/div>\n<\/div><\/div><\/div><\/div><\/section>","protected":false},"excerpt":{"rendered":"Audio oprema Kada je iznajmljivanje audio opreme i tehni\u010dka podr\u0161ka na doga\u0111ajima u pitanju, nudimo \u0161irok asortiman visokokvalitetne audio opreme i iskusne tehni\u010dare koji \u0107e se pobrinuti da va\u0161 doga\u0111aj zvu\u010di besprekorno. Na\u0161 tim stru\u010dnjaka pru\u017ea kompletnu podr\u0161ku \u2013 od [...]","protected":false},"author":1,"featured_media":0,"parent":0,"menu_order":0,"comment_status":"closed","ping_status":"closed","template":"","meta":{"om_disable_all_campaigns":false,"_monsterinsights_skip_tracking":false,"_monsterinsights_sitenote_active":false,"_monsterinsights_sitenote_note":"","_monsterinsights_sitenote_category":0,"footnotes":""},"class_list":["post-3825","page","type-page","status-publish","hentry"],"aioseo_notices":[],"_links":{"self":[{"href":"https:\/\/congressrental.rs\/ru\/wp-json\/wp\/v2\/pages\/3825","targetHints":{"allow":["GET"]}}],"collection":[{"href":"https:\/\/congressrental.rs\/ru\/wp-json\/wp\/v2\/pages"}],"about":[{"href":"https:\/\/congressrental.rs\/ru\/wp-json\/wp\/v2\/types\/page"}],"author":[{"embeddable":true,"href":"https:\/\/congressrental.rs\/ru\/wp-json\/wp\/v2\/users\/1"}],"replies":[{"embeddable":true,"href":"https:\/\/congressrental.rs\/ru\/wp-json\/wp\/v2\/comments?post=3825"}],"version-history":[{"count":0,"href":"https:\/\/congressrental.rs\/ru\/wp-json\/wp\/v2\/pages\/3825\/revisions"}],"wp:attachment":[{"href":"https:\/\/congressrental.rs\/ru\/wp-json\/wp\/v2\/media?parent=3825"}],"curies":[{"name":"wp","href":"https:\/\/api.w.org\/{rel}","templated":true}]}}