{"id":3829,"date":"2025-04-01T15:00:47","date_gmt":"2025-04-01T15:00:47","guid":{"rendered":"https:\/\/2025.congressrental.rs\/?page_id=3829"},"modified":"2025-04-02T08:28:57","modified_gmt":"2025-04-02T08:28:57","slug":"video-oprema","status":"publish","type":"page","link":"https:\/\/congressrental.rs\/ru\/video-oprema\/","title":{"rendered":"\u0412\u0438\u0434\u0435\u043e\u043e\u0431\u043e\u0440\u0443\u0434\u043e\u0432\u0430\u043d\u0438\u0435"},"content":{"rendered":"<section class=\"wpb-content-wrapper\"><div class=\"vc_row wpb_row vc_row-fluid\" ><div class=\"wpb_column vc_column_container vc_col-sm-12\"><div class=\"vc_column-inner\"><div class=\"wpb_wrapper\">\n\t<div class=\"wpb_text_column wpb_content_element\" >\n\t\t<div class=\"wpb_wrapper\">\n\t\t\t<h3 class=\"wp-block-heading\">\u0412\u0438\u0434\u0435\u043e\u043e\u0431\u043e\u0440\u0443\u0434\u043e\u0432\u0430\u043d\u0438\u0435<\/h3>\n<p>\u041c\u044b \u043f\u0440\u0435\u0434\u043b\u0430\u0433\u0430\u0435\u043c \u0443\u0441\u043b\u0443\u0433\u0438 \u0430\u0440\u0435\u043d\u0434\u044b \u0432\u0438\u0434\u0435\u043e\u043e\u0431\u043e\u0440\u0443\u0434\u043e\u0432\u0430\u043d\u0438\u044f \u0438 \u0442\u0435\u0445\u043d\u0438\u0447\u0435\u0441\u043a\u0443\u044e \u043f\u043e\u0434\u0434\u0435\u0440\u0436\u043a\u0443 \u043d\u0430 \u043c\u0435\u0440\u043e\u043f\u0440\u0438\u044f\u0442\u0438\u044f\u0445!\n\u0421\u043e\u0432\u0440\u0435\u043c\u0435\u043d\u043d\u043e\u0435 \u043e\u0431\u043e\u0440\u0443\u0434\u043e\u0432\u0430\u043d\u0438\u0435 \u0438 \u043e\u043f\u044b\u0442\u043d\u044b\u0435 \u0441\u043f\u0435\u0446\u0438\u0430\u043b\u0438\u0441\u0442\u044b \u0433\u0430\u0440\u0430\u043d\u0442\u0438\u0440\u0443\u044e\u0442, \u0447\u0442\u043e \u0432\u0430\u0448\u0435 \u043c\u0435\u0440\u043e\u043f\u0440\u0438\u044f\u0442\u0438\u0435 \u0431\u0443\u0434\u0435\u0442 \u0432\u044b\u0433\u043b\u044f\u0434\u0435\u0442\u044c \u0431\u0435\u0437\u0443\u043f\u0440\u0435\u0447\u043d\u043e \u2014 \u0431\u0443\u0434\u044c \u0442\u043e \u043a\u043e\u043d\u0444\u0435\u0440\u0435\u043d\u0446\u0438\u044f, \u0441\u0435\u043c\u0438\u043d\u0430\u0440, \u0433\u0438\u0431\u0440\u0438\u0434\u043d\u043e\u0435 \u0441\u043e\u0431\u044b\u0442\u0438\u0435 \u0438\u043b\u0438 \u043f\u0440\u044f\u043c\u0430\u044f \u0442\u0440\u0430\u043d\u0441\u043b\u044f\u0446\u0438\u044f.<\/p>\n<p>\u041d\u0430\u0448\u0430 \u043a\u043e\u043c\u0430\u043d\u0434\u0430 \u044d\u043a\u0441\u043f\u0435\u0440\u0442\u043e\u0432 \u043f\u043e\u043c\u043e\u0436\u0435\u0442 \u043d\u0430 \u0432\u0441\u0435\u0445 \u044d\u0442\u0430\u043f\u0430\u0445 \u2014 \u043e\u0442 \u043f\u043b\u0430\u043d\u0438\u0440\u043e\u0432\u0430\u043d\u0438\u044f \u0438 \u043f\u0440\u043e\u0435\u043a\u0442\u0438\u0440\u043e\u0432\u0430\u043d\u0438\u044f \u0432\u0438\u0434\u0435\u043e\u0441\u0438\u0441\u0442\u0435\u043c \u0434\u043e \u0443\u0441\u0442\u0430\u043d\u043e\u0432\u043a\u0438 \u0438 \u0441\u043e\u043f\u0440\u043e\u0432\u043e\u0436\u0434\u0435\u043d\u0438\u044f \u043c\u0435\u0440\u043e\u043f\u0440\u0438\u044f\u0442\u0438\u044f.<\/p>\n<p><strong>\u0410\u0440\u0435\u043d\u0434\u0430 \u043f\u0440\u043e\u0444\u0435\u0441\u0441\u0438\u043e\u043d\u0430\u043b\u044c\u043d\u043e\u0433\u043e \u0432\u0438\u0434\u0435\u043e\u043e\u0431\u043e\u0440\u0443\u0434\u043e\u0432\u0430\u043d\u0438\u044f<\/strong><\/p>\n<p>\u0412 \u043d\u0430\u0448\u0435\u043c \u0430\u0441\u0441\u043e\u0440\u0442\u0438\u043c\u0435\u043d\u0442\u0435:<\/p>\n<ul>\n<li>\u041f\u0440\u043e\u0444\u0435\u0441\u0441\u0438\u043e\u043d\u0430\u043b\u044c\u043d\u044b\u0435 \u0432\u0438\u0434\u0435\u043e\u043a\u0430\u043c\u0435\u0440\u044b \u0438 PTZ-\u043a\u0430\u043c\u0435\u0440\u044b<\/li>\n<li>\u041f\u0440\u043e\u0435\u043a\u0442\u043e\u0440\u044b \u0434\u043b\u044f \u0431\u043e\u043b\u044c\u0448\u0438\u0445 \u0437\u0430\u043b\u043e\u0432 \u0438 \u0441\u0432\u0435\u0442\u043e\u0434\u0438\u043e\u0434\u043d\u044b\u0435 \u044d\u043a\u0440\u0430\u043d\u044b<\/li>\n<li>\u0412\u0438\u0434\u0435\u043e\u0441\u0442\u0435\u043d\u044b \u0438 \u0434\u0438\u0441\u043f\u043b\u0435\u0438 \u0432\u044b\u0441\u043e\u043a\u043e\u0433\u043e \u0440\u0430\u0437\u0440\u0435\u0448\u0435\u043d\u0438\u044f<\/li>\n<li>\u0412\u0438\u0434\u0435\u043e\u043f\u0440\u043e\u0446\u0435\u0441\u0441\u043e\u0440\u044b Barco \u0438 \u043a\u043e\u043c\u043c\u0443\u0442\u0430\u0442\u043e\u0440\u044b \u0432\u0438\u0434\u0435\u043e\u0441\u0438\u0433\u043d\u0430\u043b\u0430<\/li>\n<li>\u0420\u0435\u0448\u0435\u043d\u0438\u044f \u0434\u043b\u044f \u043f\u0440\u044f\u043c\u044b\u0445 \u0442\u0440\u0430\u043d\u0441\u043b\u044f\u0446\u0438\u0439 \u0438 \u0433\u0438\u0431\u0440\u0438\u0434\u043d\u044b\u0445 \u043c\u0435\u0440\u043e\u043f\u0440\u0438\u044f\u0442\u0438\u0439<\/li>\n<\/ul>\n<p>\u041d\u0435\u0437\u0430\u0432\u0438\u0441\u0438\u043c\u043e \u043e\u0442 \u0442\u043e\u0433\u043e, \u0445\u043e\u0442\u0438\u0442\u0435 \u043b\u0438 \u0432\u044b \u0442\u0440\u0430\u043d\u0441\u043b\u0438\u0440\u043e\u0432\u0430\u0442\u044c \u043e\u0441\u043d\u043e\u0432\u043d\u043e\u0435 \u0432\u044b\u0441\u0442\u0443\u043f\u043b\u0435\u043d\u0438\u0435, \u043f\u0440\u043e\u0432\u0435\u0441\u0442\u0438 \u0438\u043d\u0442\u0435\u0440\u0430\u043a\u0442\u0438\u0432\u043d\u043e\u0435 \u0441\u043e\u0431\u044b\u0442\u0438\u0435 \u0438\u043b\u0438 \u0437\u0430\u043f\u0438\u0441\u0430\u0442\u044c \u043a\u043e\u043d\u0442\u0435\u043d\u0442 \u0434\u043b\u044f \u043f\u043e\u0441\u043b\u0435\u0434\u0443\u044e\u0449\u0435\u0433\u043e \u0438\u0441\u043f\u043e\u043b\u044c\u0437\u043e\u0432\u0430\u043d\u0438\u044f \u2014 \u043c\u044b \u043f\u0440\u0435\u0434\u043e\u0441\u0442\u0430\u0432\u0438\u043c \u043e\u0431\u043e\u0440\u0443\u0434\u043e\u0432\u0430\u043d\u0438\u0435 \u0438 \u0442\u0435\u0445\u043d\u0438\u0447\u0435\u0441\u043a\u0443\u044e \u043f\u043e\u0434\u0434\u0435\u0440\u0436\u043a\u0443 \u043f\u043e \u0432\u044b\u0441\u043e\u0447\u0430\u0439\u0448\u0438\u043c \u0441\u0442\u0430\u043d\u0434\u0430\u0440\u0442\u0430\u043c.<\/p>\n<p><strong>\u041e\u043f\u044b\u0442\u043d\u044b\u0435 \u0442\u0435\u0445\u043d\u0438\u043a\u0438 \u0438 \u0441\u043e\u043f\u0440\u043e\u0432\u043e\u0436\u0434\u0435\u043d\u0438\u0435 \u043c\u0435\u0440\u043e\u043f\u0440\u0438\u044f\u0442\u0438\u044f<\/strong><\/p>\n<p>\u041d\u0430\u0448\u0430 \u043a\u043e\u043c\u0430\u043d\u0434\u0430 \u0442\u0435\u0445\u043d\u0438\u0447\u0435\u0441\u043a\u0438\u0445 \u0441\u043f\u0435\u0446\u0438\u0430\u043b\u0438\u0441\u0442\u043e\u0432 \u0441\u043f\u0435\u0446\u0438\u0430\u043b\u0438\u0437\u0438\u0440\u0443\u0435\u0442\u0441\u044f \u043d\u0430 \u0443\u0441\u0442\u0430\u043d\u043e\u0432\u043a\u0435 \u0438 \u0443\u043f\u0440\u0430\u0432\u043b\u0435\u043d\u0438\u0438 \u0432\u0438\u0434\u0435\u043e\u0441\u0438\u0441\u0442\u0435\u043c\u0430\u043c\u0438.\n\u041e\u043d\u0438 \u0431\u0443\u0434\u0443\u0442 \u043f\u0440\u0438\u0441\u0443\u0442\u0441\u0442\u0432\u043e\u0432\u0430\u0442\u044c \u043d\u0430 \u043c\u0435\u0441\u0442\u0435, \u0447\u0442\u043e\u0431\u044b \u043e\u0431\u0435\u0441\u043f\u0435\u0447\u0438\u0442\u044c \u0431\u0435\u0437\u0443\u043f\u0440\u0435\u0447\u043d\u043e\u0435 \u0438\u0437\u043e\u0431\u0440\u0430\u0436\u0435\u043d\u0438\u0435 \u0438 \u043c\u043e\u043c\u0435\u043d\u0442\u0430\u043b\u044c\u043d\u043e \u0440\u0435\u0430\u0433\u0438\u0440\u043e\u0432\u0430\u0442\u044c \u043d\u0430 \u043b\u044e\u0431\u044b\u0435 \u0442\u0435\u0445\u043d\u0438\u0447\u0435\u0441\u043a\u0438\u0435 \u0432\u044b\u0437\u043e\u0432\u044b.\n\u041c\u044b \u0437\u043d\u0430\u0435\u043c, \u043d\u0430\u0441\u043a\u043e\u043b\u044c\u043a\u043e \u043a\u0430\u0447\u0435\u0441\u0442\u0432\u043e \u0432\u0438\u0434\u0435\u043e \u0432\u0430\u0436\u043d\u043e \u0434\u043b\u044f \u0443\u0441\u043f\u0435\u0445\u0430 \u043c\u0435\u0440\u043e\u043f\u0440\u0438\u044f\u0442\u0438\u044f, \u043f\u043e\u044d\u0442\u043e\u043c\u0443 \u0433\u0430\u0440\u0430\u043d\u0442\u0438\u0440\u0443\u0435\u043c \u043f\u0440\u043e\u0444\u0435\u0441\u0441\u0438\u043e\u043d\u0430\u043b\u044c\u043d\u0443\u044e \u0440\u0435\u0430\u043b\u0438\u0437\u0430\u0446\u0438\u044e \u043e\u0442 \u043d\u0430\u0447\u0430\u043b\u0430 \u0434\u043e \u043a\u043e\u043d\u0446\u0430.<\/p>\n<p><strong>\u0414\u043e\u043f\u043e\u043b\u043d\u0438\u0442\u0435\u043b\u044c\u043d\u044b\u0435 \u0443\u0441\u043b\u0443\u0433\u0438: \u043f\u0440\u043e\u0435\u043a\u0442\u0438\u0440\u043e\u0432\u0430\u043d\u0438\u0435 \u0432\u0438\u0434\u0435\u043e\u0441\u0438\u0441\u0442\u0435\u043c \u0438 \u0442\u0435\u0445\u043d\u0438\u0447\u0435\u0441\u043a\u0430\u044f \u043f\u043e\u0434\u0434\u0435\u0440\u0436\u043a\u0430<\/strong><\/p>\n<p>\u041f\u043e\u043c\u0438\u043c\u043e \u0430\u0440\u0435\u043d\u0434\u044b \u043e\u0431\u043e\u0440\u0443\u0434\u043e\u0432\u0430\u043d\u0438\u044f, \u043c\u044b \u0442\u0430\u043a\u0436\u0435 \u043f\u0440\u0435\u0434\u043b\u0430\u0433\u0430\u0435\u043c:<\/p>\n<ul>\n<li>\u041f\u0440\u043e\u0435\u043a\u0442\u0438\u0440\u043e\u0432\u0430\u043d\u0438\u0435 \u0438 \u043e\u043f\u0442\u0438\u043c\u0438\u0437\u0430\u0446\u0438\u044e \u0432\u0438\u0434\u0435\u043e\u0441\u0438\u0441\u0442\u0435\u043c \u0441 \u0443\u0447\u0451\u0442\u043e\u043c \u0441\u043f\u0435\u0446\u0438\u0444\u0438\u043a\u0438 \u043c\u0435\u0440\u043e\u043f\u0440\u0438\u044f\u0442\u0438\u044f<\/li>\n<li>\u041f\u0440\u043e\u0444\u0435\u0441\u0441\u0438\u043e\u043d\u0430\u043b\u044c\u043d\u0443\u044e \u0443\u0441\u0442\u0430\u043d\u043e\u0432\u043a\u0443 \u0438 \u043a\u0430\u043b\u0438\u0431\u0440\u043e\u0432\u043a\u0443 \u043e\u0431\u043e\u0440\u0443\u0434\u043e\u0432\u0430\u043d\u0438\u044f<\/li>\n<li>\u0422\u0435\u0445\u043d\u0438\u0447\u0435\u0441\u043a\u0443\u044e \u043f\u043e\u0434\u0434\u0435\u0440\u0436\u043a\u0443 \u0432 \u0442\u0435\u0447\u0435\u043d\u0438\u0435 \u0432\u0441\u0435\u0433\u043e \u0441\u043e\u0431\u044b\u0442\u0438\u044f<\/li>\n<li>\u0411\u044b\u0441\u0442\u0440\u0443\u044e \u0438 \u0430\u043a\u043a\u0443\u0440\u0430\u0442\u043d\u0443\u044e \u0434\u0435\u043c\u043e\u043d\u0442\u0430\u0436 \u043f\u043e\u0441\u043b\u0435 \u0437\u0430\u0432\u0435\u0440\u0448\u0435\u043d\u0438\u044f<\/li>\n<\/ul>\n<p><strong>\u041f\u0430\u0440\u0442\u043d\u0451\u0440\u0441\u0442\u0432\u043e \u0441 \u0432\u0435\u0434\u0443\u0449\u0438\u043c\u0438 \u043c\u0438\u0440\u043e\u0432\u044b\u043c\u0438 \u0431\u0440\u0435\u043d\u0434\u0430\u043c\u0438<\/strong><\/p>\n<p>\u042f\u0432\u043b\u044f\u044f\u0441\u044c \u0447\u0430\u0441\u0442\u044c\u044e \u043c\u0435\u0436\u0434\u0443\u043d\u0430\u0440\u043e\u0434\u043d\u044b\u0445 \u0441\u0435\u0442\u0435\u0439 <strong>AV Alliance, Podimatas Group i Congress Rental Network<\/strong>, \u043c\u044b \u0438\u0441\u043f\u043e\u043b\u044c\u0437\u0443\u0435\u043c \u0442\u043e\u043b\u044c\u043a\u043e \u043f\u0435\u0440\u0435\u0434\u043e\u0432\u043e\u0435 \u043e\u0431\u043e\u0440\u0443\u0434\u043e\u0432\u0430\u043d\u0438\u0435 \u0438 \u0442\u0435\u0445\u043d\u043e\u043b\u043e\u0433\u0438\u0438. \u041c\u044b \u0441\u043e\u0442\u0440\u0443\u0434\u043d\u0438\u0447\u0430\u0435\u043c \u0441 \u0432\u0435\u0434\u0443\u0449\u0438\u043c\u0438 \u043f\u0440\u043e\u0438\u0437\u0432\u043e\u0434\u0438\u0442\u0435\u043b\u044f\u043c\u0438: <strong>Barco, Epson, Unilumin, Kramer, Panasonic<\/strong> \u0438 \u0434\u0440\u0443\u0433\u0438\u043c\u0438.<\/p>\n<p><strong>\u0412 \u043d\u0430\u0448\u0435\u043c \u043f\u0440\u0435\u0434\u043b\u043e\u0436\u0435\u043d\u0438\u0438:<\/strong><\/p>\n<ul>\n<li>\u041f\u0440\u043e\u0435\u043a\u0442\u043e\u0440\u044b \u0434\u043b\u044f \u043a\u0440\u0443\u043f\u043d\u043e\u0444\u043e\u0440\u043c\u0430\u0442\u043d\u043e\u0433\u043e \u043e\u0442\u043e\u0431\u0440\u0430\u0436\u0435\u043d\u0438\u044f<\/li>\n<li>\u0421\u0432\u0435\u0442\u043e\u0434\u0438\u043e\u0434\u043d\u044b\u0435 \u044d\u043a\u0440\u0430\u043d\u044b \u0432\u044b\u0441\u043e\u043a\u043e\u0433\u043e \u0440\u0430\u0437\u0440\u0435\u0448\u0435\u043d\u0438\u044f<\/li>\n<li>\u041f\u0440\u043e\u0446\u0435\u0441\u0441\u043e\u0440\u044b Barco \u0434\u043b\u044f \u0431\u0435\u0437\u0443\u043f\u0440\u0435\u0447\u043d\u043e\u0439 \u0432\u0438\u0434\u0435\u043e\u043f\u0440\u043e\u0434\u0443\u043a\u0446\u0438\u0438<\/li>\n<li>\u041a\u0430\u043c\u0435\u0440\u044b \u0438 PTZ-\u0441\u0438\u0441\u0442\u0435\u043c\u044b \u0434\u043b\u044f \u043f\u0440\u044f\u043c\u044b\u0445 \u0442\u0440\u0430\u043d\u0441\u043b\u044f\u0446\u0438\u0439 \u0438 \u0437\u0430\u043f\u0438\u0441\u0438<\/li>\n<li>\u0425\u0440\u043e\u043c\u0430\u043a\u0435\u0439-\u0442\u0435\u0445\u043d\u043e\u043b\u043e\u0433\u0438\u044f \u0434\u043b\u044f \u0441\u0442\u0440\u0438\u043c\u0438\u043d\u0433\u0430 \u0438 \u0432\u0438\u0440\u0442\u0443\u0430\u043b\u044c\u043d\u044b\u0445 \u043c\u0435\u0440\u043e\u043f\u0440\u0438\u044f\u0442\u0438\u0439<\/li>\n<\/ul>\n<p>\u0421\u0432\u044f\u0436\u0438\u0442\u0435\u0441\u044c \u0441 \u043d\u0430\u043c\u0438 \u0443\u0436\u0435 \u0441\u0435\u0433\u043e\u0434\u043d\u044f \u0438 \u043e\u0431\u0435\u0441\u043f\u0435\u0447\u044c\u0442\u0435 \u043f\u0440\u043e\u0444\u0435\u0441\u0441\u0438\u043e\u043d\u0430\u043b\u044c\u043d\u0443\u044e \u0432\u0438\u0434\u0435\u043e\u043f\u043e\u0434\u0434\u0435\u0440\u0436\u043a\u0443 \u0434\u043b\u044f \u0432\u0430\u0448\u0435\u0433\u043e \u0441\u043b\u0435\u0434\u0443\u044e\u0449\u0435\u0433\u043e \u043c\u0435\u0440\u043e\u043f\u0440\u0438\u044f\u0442\u0438\u044f!<\/p>\n\n\t\t<\/div>\n\t<\/div>\n<div class=\"mkdf-separator-holder clearfix  mkdf-separator-center mkdf-separator-full-width\" >\n\t\t<div class=\"mkdf-separator\" style=\"border-color: #1e73be\"><\/div>\n\t<\/div>\n<\/div><\/div><\/div><\/div><div class=\"vc_row wpb_row vc_row-fluid\" ><div class=\"wpb_column vc_column_container vc_col-sm-12\"><div class=\"vc_column-inner\"><div class=\"wpb_wrapper\"><div class=\"mkdf-image-gallery  mkdf-ig-grid-type mkdf-large-space   mkdf-image-hover-shader\">\n\t<div class=\"mkdf-ig-inner mkdf-outer-space mkdf-ig-grid mkdf-ig-two-columns\">\n\t\t\t\t\t<div class=\"mkdf-ig-image mkdf-item-space\">\n\t\t\t\t<div class=\"mkdf-ig-image-inner\">\n\t\t\t\t\t\t\t\t\t\t\t<img loading=\"lazy\" decoding=\"async\" width=\"2560\" height=\"1920\" src=\"https:\/\/congressrental.rs\/wp-content\/uploads\/2025\/03\/IMG_2289-scaled.jpg\" class=\"attachment-full size-full\" alt=\"\" srcset=\"https:\/\/congressrental.rs\/wp-content\/uploads\/2025\/03\/IMG_2289-scaled.jpg 2560w, https:\/\/congressrental.rs\/wp-content\/uploads\/2025\/03\/IMG_2289-300x225.jpg 300w, https:\/\/congressrental.rs\/wp-content\/uploads\/2025\/03\/IMG_2289-1024x768.jpg 1024w, https:\/\/congressrental.rs\/wp-content\/uploads\/2025\/03\/IMG_2289-768x576.jpg 768w, https:\/\/congressrental.rs\/wp-content\/uploads\/2025\/03\/IMG_2289-1536x1152.jpg 1536w, https:\/\/congressrental.rs\/wp-content\/uploads\/2025\/03\/IMG_2289-600x450.jpg 600w\" sizes=\"auto, (max-width: 2560px) 100vw, 2560px\" \/>\t\t\t\t\t\t\t\t\t<\/div>\n\t\t\t<\/div>\n\t\t\t\t\t<div class=\"mkdf-ig-image mkdf-item-space\">\n\t\t\t\t<div class=\"mkdf-ig-image-inner\">\n\t\t\t\t\t\t\t\t\t\t\t<img loading=\"lazy\" decoding=\"async\" width=\"2560\" height=\"1920\" src=\"https:\/\/congressrental.rs\/wp-content\/uploads\/2025\/03\/IMG_2263-scaled.jpg\" class=\"attachment-full size-full\" alt=\"\" srcset=\"https:\/\/congressrental.rs\/wp-content\/uploads\/2025\/03\/IMG_2263-scaled.jpg 2560w, https:\/\/congressrental.rs\/wp-content\/uploads\/2025\/03\/IMG_2263-300x225.jpg 300w, https:\/\/congressrental.rs\/wp-content\/uploads\/2025\/03\/IMG_2263-1024x768.jpg 1024w, https:\/\/congressrental.rs\/wp-content\/uploads\/2025\/03\/IMG_2263-768x576.jpg 768w, https:\/\/congressrental.rs\/wp-content\/uploads\/2025\/03\/IMG_2263-1536x1152.jpg 1536w, https:\/\/congressrental.rs\/wp-content\/uploads\/2025\/03\/IMG_2263-600x450.jpg 600w\" sizes=\"auto, (max-width: 2560px) 100vw, 2560px\" \/>\t\t\t\t\t\t\t\t\t<\/div>\n\t\t\t<\/div>\n\t\t\t\t\t<div class=\"mkdf-ig-image mkdf-item-space\">\n\t\t\t\t<div class=\"mkdf-ig-image-inner\">\n\t\t\t\t\t\t\t\t\t\t\t<img loading=\"lazy\" decoding=\"async\" width=\"1920\" height=\"2560\" src=\"https:\/\/congressrental.rs\/wp-content\/uploads\/2025\/03\/IMG_1498-scaled.jpg\" class=\"attachment-full size-full\" alt=\"\" srcset=\"https:\/\/congressrental.rs\/wp-content\/uploads\/2025\/03\/IMG_1498-scaled.jpg 1920w, https:\/\/congressrental.rs\/wp-content\/uploads\/2025\/03\/IMG_1498-225x300.jpg 225w, https:\/\/congressrental.rs\/wp-content\/uploads\/2025\/03\/IMG_1498-768x1024.jpg 768w, https:\/\/congressrental.rs\/wp-content\/uploads\/2025\/03\/IMG_1498-1152x1536.jpg 1152w, https:\/\/congressrental.rs\/wp-content\/uploads\/2025\/03\/IMG_1498-1536x2048.jpg 1536w, https:\/\/congressrental.rs\/wp-content\/uploads\/2025\/03\/IMG_1498-600x800.jpg 600w\" sizes=\"auto, (max-width: 1920px) 100vw, 1920px\" \/>\t\t\t\t\t\t\t\t\t<\/div>\n\t\t\t<\/div>\n\t\t\t\t\t<div class=\"mkdf-ig-image mkdf-item-space\">\n\t\t\t\t<div class=\"mkdf-ig-image-inner\">\n\t\t\t\t\t\t\t\t\t\t\t<img loading=\"lazy\" decoding=\"async\" width=\"1920\" height=\"2560\" src=\"https:\/\/congressrental.rs\/wp-content\/uploads\/2025\/03\/IMG_1497-scaled.jpg\" class=\"attachment-full size-full\" alt=\"\" srcset=\"https:\/\/congressrental.rs\/wp-content\/uploads\/2025\/03\/IMG_1497-scaled.jpg 1920w, https:\/\/congressrental.rs\/wp-content\/uploads\/2025\/03\/IMG_1497-225x300.jpg 225w, https:\/\/congressrental.rs\/wp-content\/uploads\/2025\/03\/IMG_1497-768x1024.jpg 768w, https:\/\/congressrental.rs\/wp-content\/uploads\/2025\/03\/IMG_1497-1152x1536.jpg 1152w, https:\/\/congressrental.rs\/wp-content\/uploads\/2025\/03\/IMG_1497-1536x2048.jpg 1536w, https:\/\/congressrental.rs\/wp-content\/uploads\/2025\/03\/IMG_1497-600x800.jpg 600w\" sizes=\"auto, (max-width: 1920px) 100vw, 1920px\" \/>\t\t\t\t\t\t\t\t\t<\/div>\n\t\t\t<\/div>\n\t\t\t\t\t<div class=\"mkdf-ig-image mkdf-item-space\">\n\t\t\t\t<div class=\"mkdf-ig-image-inner\">\n\t\t\t\t\t\t\t\t\t\t\t<img loading=\"lazy\" decoding=\"async\" width=\"2560\" height=\"1920\" src=\"https:\/\/congressrental.rs\/wp-content\/uploads\/2025\/03\/IMG_2289-1-scaled.jpg\" class=\"attachment-full size-full\" alt=\"\" srcset=\"https:\/\/congressrental.rs\/wp-content\/uploads\/2025\/03\/IMG_2289-1-scaled.jpg 2560w, https:\/\/congressrental.rs\/wp-content\/uploads\/2025\/03\/IMG_2289-1-300x225.jpg 300w, https:\/\/congressrental.rs\/wp-content\/uploads\/2025\/03\/IMG_2289-1-1024x768.jpg 1024w, https:\/\/congressrental.rs\/wp-content\/uploads\/2025\/03\/IMG_2289-1-768x576.jpg 768w, https:\/\/congressrental.rs\/wp-content\/uploads\/2025\/03\/IMG_2289-1-1536x1152.jpg 1536w, https:\/\/congressrental.rs\/wp-content\/uploads\/2025\/03\/IMG_2289-1-600x450.jpg 600w\" sizes=\"auto, (max-width: 2560px) 100vw, 2560px\" \/>\t\t\t\t\t\t\t\t\t<\/div>\n\t\t\t<\/div>\n\t\t\t\t\t<div class=\"mkdf-ig-image mkdf-item-space\">\n\t\t\t\t<div class=\"mkdf-ig-image-inner\">\n\t\t\t\t\t\t\t\t\t\t\t<img loading=\"lazy\" decoding=\"async\" width=\"2160\" height=\"1620\" src=\"https:\/\/congressrental.rs\/wp-content\/uploads\/2025\/03\/JRQG3897-1.jpg\" class=\"attachment-full size-full\" alt=\"\" srcset=\"https:\/\/congressrental.rs\/wp-content\/uploads\/2025\/03\/JRQG3897-1.jpg 2160w, https:\/\/congressrental.rs\/wp-content\/uploads\/2025\/03\/JRQG3897-1-300x225.jpg 300w, https:\/\/congressrental.rs\/wp-content\/uploads\/2025\/03\/JRQG3897-1-1024x768.jpg 1024w, https:\/\/congressrental.rs\/wp-content\/uploads\/2025\/03\/JRQG3897-1-768x576.jpg 768w, https:\/\/congressrental.rs\/wp-content\/uploads\/2025\/03\/JRQG3897-1-1536x1152.jpg 1536w, https:\/\/congressrental.rs\/wp-content\/uploads\/2025\/03\/JRQG3897-1-600x450.jpg 600w\" sizes=\"auto, (max-width: 2160px) 100vw, 2160px\" \/>\t\t\t\t\t\t\t\t\t<\/div>\n\t\t\t<\/div>\n\t\t\t\t\t<div class=\"mkdf-ig-image mkdf-item-space\">\n\t\t\t\t<div class=\"mkdf-ig-image-inner\">\n\t\t\t\t\t\t\t\t\t\t\t<img loading=\"lazy\" decoding=\"async\" width=\"2560\" height=\"1920\" src=\"https:\/\/congressrental.rs\/wp-content\/uploads\/2025\/03\/IMG_1613-scaled.jpg\" class=\"attachment-full size-full\" alt=\"\" srcset=\"https:\/\/congressrental.rs\/wp-content\/uploads\/2025\/03\/IMG_1613-scaled.jpg 2560w, https:\/\/congressrental.rs\/wp-content\/uploads\/2025\/03\/IMG_1613-300x225.jpg 300w, https:\/\/congressrental.rs\/wp-content\/uploads\/2025\/03\/IMG_1613-1024x768.jpg 1024w, https:\/\/congressrental.rs\/wp-content\/uploads\/2025\/03\/IMG_1613-768x576.jpg 768w, https:\/\/congressrental.rs\/wp-content\/uploads\/2025\/03\/IMG_1613-1536x1152.jpg 1536w, https:\/\/congressrental.rs\/wp-content\/uploads\/2025\/03\/IMG_1613-600x450.jpg 600w\" sizes=\"auto, (max-width: 2560px) 100vw, 2560px\" \/>\t\t\t\t\t\t\t\t\t<\/div>\n\t\t\t<\/div>\n\t\t\t\t\t<div class=\"mkdf-ig-image mkdf-item-space\">\n\t\t\t\t<div class=\"mkdf-ig-image-inner\">\n\t\t\t\t\t\t\t\t\t\t\t<img loading=\"lazy\" decoding=\"async\" width=\"2560\" height=\"1920\" src=\"https:\/\/congressrental.rs\/wp-content\/uploads\/2025\/03\/IMG_1977-1-scaled.jpg\" class=\"attachment-full size-full\" alt=\"\" srcset=\"https:\/\/congressrental.rs\/wp-content\/uploads\/2025\/03\/IMG_1977-1-scaled.jpg 2560w, https:\/\/congressrental.rs\/wp-content\/uploads\/2025\/03\/IMG_1977-1-300x225.jpg 300w, https:\/\/congressrental.rs\/wp-content\/uploads\/2025\/03\/IMG_1977-1-1024x768.jpg 1024w, https:\/\/congressrental.rs\/wp-content\/uploads\/2025\/03\/IMG_1977-1-768x576.jpg 768w, https:\/\/congressrental.rs\/wp-content\/uploads\/2025\/03\/IMG_1977-1-1536x1152.jpg 1536w, https:\/\/congressrental.rs\/wp-content\/uploads\/2025\/03\/IMG_1977-1-600x450.jpg 600w\" sizes=\"auto, (max-width: 2560px) 100vw, 2560px\" \/>\t\t\t\t\t\t\t\t\t<\/div>\n\t\t\t<\/div>\n\t\t\t\t\t<div class=\"mkdf-ig-image mkdf-item-space\">\n\t\t\t\t<div class=\"mkdf-ig-image-inner\">\n\t\t\t\t\t\t\t\t\t\t\t<img loading=\"lazy\" decoding=\"async\" width=\"4032\" height=\"2016\" src=\"https:\/\/congressrental.rs\/wp-content\/uploads\/2018\/03\/startech.png\" class=\"attachment-full size-full\" alt=\"\" srcset=\"https:\/\/congressrental.rs\/wp-content\/uploads\/2018\/03\/startech.png 4032w, https:\/\/congressrental.rs\/wp-content\/uploads\/2018\/03\/startech-300x150.png 300w, https:\/\/congressrental.rs\/wp-content\/uploads\/2018\/03\/startech-1024x512.png 1024w, https:\/\/congressrental.rs\/wp-content\/uploads\/2018\/03\/startech-768x384.png 768w, https:\/\/congressrental.rs\/wp-content\/uploads\/2018\/03\/startech-1536x768.png 1536w, https:\/\/congressrental.rs\/wp-content\/uploads\/2018\/03\/startech-1100x550.png 1100w, https:\/\/congressrental.rs\/wp-content\/uploads\/2018\/03\/startech-600x300.png 600w\" sizes=\"auto, (max-width: 4032px) 100vw, 4032px\" \/>\t\t\t\t\t\t\t\t\t<\/div>\n\t\t\t<\/div>\n\t\t\t<\/div>\n<\/div>\n<\/div><\/div><\/div><\/div><\/section>","protected":false},"excerpt":{"rendered":"Video oprema Pru\u017eamo vam usluge iznajmljivanja video opreme i tehni\u010dku podr\u0161ku na doga\u0111ajima! Pru\u017eamo vrhunsku video opremu i iskusne tehni\u010dare kako bismo osigurali da va\u0161 doga\u0111aj izgleda besprekorno \u2013 bilo da je u pitanju konferencija, seminar, hibridni doga\u0111aj ili live [...]","protected":false},"author":1,"featured_media":0,"parent":0,"menu_order":0,"comment_status":"closed","ping_status":"closed","template":"","meta":{"om_disable_all_campaigns":false,"_monsterinsights_skip_tracking":false,"_monsterinsights_sitenote_active":false,"_monsterinsights_sitenote_note":"","_monsterinsights_sitenote_category":0,"footnotes":""},"class_list":["post-3829","page","type-page","status-publish","hentry"],"aioseo_notices":[],"_links":{"self":[{"href":"https:\/\/congressrental.rs\/ru\/wp-json\/wp\/v2\/pages\/3829","targetHints":{"allow":["GET"]}}],"collection":[{"href":"https:\/\/congressrental.rs\/ru\/wp-json\/wp\/v2\/pages"}],"about":[{"href":"https:\/\/congressrental.rs\/ru\/wp-json\/wp\/v2\/types\/page"}],"author":[{"embeddable":true,"href":"https:\/\/congressrental.rs\/ru\/wp-json\/wp\/v2\/users\/1"}],"replies":[{"embeddable":true,"href":"https:\/\/congressrental.rs\/ru\/wp-json\/wp\/v2\/comments?post=3829"}],"version-history":[{"count":0,"href":"https:\/\/congressrental.rs\/ru\/wp-json\/wp\/v2\/pages\/3829\/revisions"}],"wp:attachment":[{"href":"https:\/\/congressrental.rs\/ru\/wp-json\/wp\/v2\/media?parent=3829"}],"curies":[{"name":"wp","href":"https:\/\/api.w.org\/{rel}","templated":true}]}}