{"id":3839,"date":"2025-04-02T07:59:12","date_gmt":"2025-04-02T07:59:12","guid":{"rendered":"https:\/\/2025.congressrental.rs\/?page_id=3839"},"modified":"2025-04-02T08:37:36","modified_gmt":"2025-04-02T08:37:36","slug":"svetlosna-oprema","status":"publish","type":"page","link":"https:\/\/congressrental.rs\/ru\/svetlosna-oprema\/","title":{"rendered":"\u0421\u0432\u0435\u0442\u043e\u0432\u043e\u0435 \u043e\u0431\u043e\u0440\u0443\u0434\u043e\u0432\u0430\u043d\u0438\u0435"},"content":{"rendered":"<section class=\"wpb-content-wrapper\"><div class=\"vc_row wpb_row vc_row-fluid\" ><div class=\"wpb_column vc_column_container vc_col-sm-12\"><div class=\"vc_column-inner\"><div class=\"wpb_wrapper\">\n\t<div class=\"wpb_text_column wpb_content_element\" >\n\t\t<div class=\"wpb_wrapper\">\n\t\t\t<h3 class=\"wp-block-heading\">\u0421\u0432\u0435\u0442\u043e\u0432\u043e\u0435 \u043e\u0431\u043e\u0440\u0443\u0434\u043e\u0432\u0430\u043d\u0438\u0435<\/h3>\n<p>\u041e\u0442 <strong>\u0441\u0446\u0435\u043d\u0438\u0447\u0435\u0441\u043a\u043e\u0433\u043e \u043e\u0441\u0432\u0435\u0449\u0435\u043d\u0438\u044f<\/strong> \u0434\u043e <strong>\u0430\u0442\u043c\u043e\u0441\u0444\u0435\u0440\u043d\u043e\u0439 \u043f\u043e\u0434\u0441\u0432\u0435\u0442\u043a\u0438<\/strong>\u043c\u044b \u043f\u0440\u0435\u0434\u043b\u0430\u0433\u0430\u0435\u043c \u043a\u043e\u043c\u043f\u043b\u0435\u043a\u0441\u043d\u044b\u0435 \u0440\u0435\u0448\u0435\u043d\u0438\u044f \u0434\u043b\u044f \u0441\u043e\u0437\u0434\u0430\u043d\u0438\u044f <strong>\u0434\u0438\u043d\u0430\u043c\u0438\u0447\u043d\u043e\u0439 \u0438 \u0437\u0430\u043f\u043e\u043c\u0438\u043d\u0430\u044e\u0449\u0435\u0439\u0441\u044f \u0430\u0442\u043c\u043e\u0441\u0444\u0435\u0440\u044b<\/strong> \u043d\u0430 \u0432\u0430\u0448\u0435\u043c \u043c\u0435\u0440\u043e\u043f\u0440\u0438\u044f\u0442\u0438\u0438.<\/p>\n<p>\u0428\u0438\u0440\u043e\u043a\u0438\u0439 \u0432\u044b\u0431\u043e\u0440 \u0441\u0432\u0435\u0442\u043e\u0432\u043e\u0433\u043e \u043e\u0431\u043e\u0440\u0443\u0434\u043e\u0432\u0430\u043d\u0438\u044f<\/p>\n<p>\u0412 \u043d\u0430\u0448\u0435\u043c \u043f\u0440\u0435\u0434\u043b\u043e\u0436\u0435\u043d\u0438\u0438:<\/p>\n<ul>\n<li><strong>\u0421\u0446\u0435\u043d\u0438\u0447\u0435\u0441\u043a\u0438\u0435 \u043f\u0440\u043e\u0436\u0435\u043a\u0442\u043e\u0440\u044b \u0438 \u043d\u0430\u043f\u0440\u0430\u0432\u043b\u0435\u043d\u043d\u044b\u0435 \u0441\u0432\u0435\u0442\u0438\u043b\u044c\u043d\u0438\u043a\u0438<\/strong><\/li>\n<li><strong>\u0421\u0432\u0435\u0442\u043e\u0434\u0438\u043e\u0434\u043d\u043e\u0435 \u043e\u0441\u0432\u0435\u0449\u0435\u043d\u0438\u0435 \u0434\u043b\u044f \u044d\u0444\u0444\u0435\u043a\u0442\u043e\u0432 \u0438 \u0430\u043a\u0446\u0435\u043d\u0442\u043e\u0432<\/strong><\/li>\n<li><strong>\u0414\u0438\u043c\u043c\u0435\u0440\u044b \u0438 \u0441\u0438\u0441\u0442\u0435\u043c\u044b \u0443\u043f\u0440\u0430\u0432\u043b\u0435\u043d\u0438\u044f \u043e\u0441\u0432\u0435\u0449\u0435\u043d\u0438\u0435\u043c<\/strong><\/li>\n<\/ul>\n<p><!-- \/wp:post-content --><\/p>\n<p><!-- wp:paragraph {\"className\":\"\"} -->\u041d\u0435\u0437\u0430\u0432\u0438\u0441\u0438\u043c\u043e \u043e\u0442 \u0442\u043e\u0433\u043e, \u043d\u0443\u0436\u043d\u043e \u043b\u0438 \u0432\u0430\u043c \u043e\u0441\u0432\u0435\u0442\u0438\u0442\u044c <strong>\u0441\u0446\u0435\u043d\u0443, \u0432\u044b\u0441\u0442\u0430\u0432\u043e\u0447\u043d\u0443\u044e \u0437\u043e\u043d\u0443 \u0438\u043b\u0438 \u0441\u043e\u0437\u0434\u0430\u0442\u044c \u043d\u0443\u0436\u043d\u0443\u044e \u0430\u0442\u043c\u043e\u0441\u0444\u0435\u0440\u0443,<\/strong>\u043d\u0430\u0448\u0435 \u043e\u0431\u043e\u0440\u0443\u0434\u043e\u0432\u0430\u043d\u0438\u0435 \u0438 \u043e\u043f\u044b\u0442\u043d\u0430\u044f \u043a\u043e\u043c\u0430\u043d\u0434\u0430 \u043f\u043e\u043c\u043e\u0433\u0443\u0442 \u0434\u043e\u0441\u0442\u0438\u0447\u044c \u0436\u0435\u043b\u0430\u0435\u043c\u043e\u0433\u043e \u044d\u0444\u0444\u0435\u043a\u0442\u0430.<\/p>\n<p><!-- \/wp:paragraph --><\/p>\n<p><!-- wp:paragraph -->\u0413\u0438\u0431\u043a\u0438\u0435 \u0438 \u043f\u0440\u043e\u0441\u0442\u044b\u0435 \u0441\u0432\u0435\u0442\u043e\u0432\u044b\u0435 \u0440\u0435\u0448\u0435\u043d\u0438\u044f<\/p>\n<ul>\n<li><strong>\u041b\u0451\u0433\u043a\u0430\u044f \u0438\u043d\u0442\u0435\u0433\u0440\u0430\u0446\u0438\u044f \u0432 \u043b\u044e\u0431\u043e\u0435 \u043f\u0440\u043e\u0441\u0442\u0440\u0430\u043d\u0441\u0442\u0432\u043e<\/strong><\/li>\n<li><strong>\u0420\u0435\u0433\u0443\u043b\u0438\u0440\u0443\u0435\u043c\u044b\u0435 \u0441\u0432\u0435\u0442\u043e\u0432\u044b\u0435 \u044d\u0444\u0444\u0435\u043a\u0442\u044b \u0434\u043b\u044f \u0440\u0430\u0437\u043d\u044b\u0445 \u0444\u043e\u0440\u043c\u0430\u0442\u043e\u0432 \u0441\u043e\u0431\u044b\u0442\u0438\u0439<\/strong><\/li>\n<li><strong>\u041f\u0440\u043e\u0444\u0435\u0441\u0441\u0438\u043e\u043d\u0430\u043b\u044c\u043d\u0430\u044f \u0442\u0435\u0445\u043d\u0438\u0447\u0435\u0441\u043a\u0430\u044f \u043f\u043e\u0434\u0434\u0435\u0440\u0436\u043a\u0430 \u043f\u0440\u0438 \u0443\u0441\u0442\u0430\u043d\u043e\u0432\u043a\u0435 \u0438 \u0443\u043f\u0440\u0430\u0432\u043b\u0435\u043d\u0438\u0438<\/strong><\/li>\n<\/ul>\n<p><!-- \/wp:paragraph --><!-- \/wp:list --><\/p>\n<p><!-- wp:paragraph {\"className\":\"\"} -->\u041d\u0430\u0448\u0430 \u043a\u043e\u043c\u0430\u043d\u0434\u0430 \u043e\u043f\u044b\u0442\u043d\u044b\u0445 \u0442\u0435\u0445\u043d\u0438\u043a\u043e\u0432 \u043e\u0431\u0435\u0441\u043f\u0435\u0447\u0438\u0442 <strong>\u0431\u0435\u0441\u043f\u0435\u0440\u0435\u0431\u043e\u0439\u043d\u0443\u044e \u0440\u0430\u0431\u043e\u0442\u0443 \u043e\u0441\u0432\u0435\u0442\u0438\u0442\u0435\u043b\u044c\u043d\u043e\u0433\u043e \u043e\u0431\u043e\u0440\u0443\u0434\u043e\u0432\u0430\u043d\u0438\u044f<\/strong>, \u043e\u0442 \u043c\u043e\u043d\u0442\u0430\u0436\u0430 \u0434\u043e \u0437\u0430\u0432\u0435\u0440\u0448\u0435\u043d\u0438\u044f \u043c\u0435\u0440\u043e\u043f\u0440\u0438\u044f\u0442\u0438\u044f.<\/p>\n<p><!-- \/wp:paragraph --><\/p>\n<p><!-- wp:paragraph {\"className\":\"\"} --><strong>\u0421\u0432\u044f\u0436\u0438\u0442\u0435\u0441\u044c \u0441 \u043d\u0430\u043c\u0438 <\/strong>\u0438 \u0441\u043e\u0437\u0434\u0430\u0439\u0442\u0435 \u0438\u0434\u0435\u0430\u043b\u044c\u043d\u043e\u0435 \u043e\u0441\u0432\u0435\u0449\u0435\u043d\u0438\u0435 \u0434\u043b\u044f \u0432\u0430\u0448\u0435\u0433\u043e \u0441\u043e\u0431\u044b\u0442\u0438\u044f!<\/p>\n<p><!-- \/wp:paragraph --><\/p>\n<p>&nbsp;<\/p>\n\n\t\t<\/div>\n\t<\/div>\n<div class=\"mkdf-separator-holder clearfix  mkdf-separator-center mkdf-separator-full-width\" >\n\t\t<div class=\"mkdf-separator\" style=\"border-color: #1e73be\"><\/div>\n\t<\/div>\n<\/div><\/div><\/div><\/div><div class=\"vc_row wpb_row vc_row-fluid\" ><div class=\"wpb_column vc_column_container vc_col-sm-12\"><div class=\"vc_column-inner\"><div class=\"wpb_wrapper\"><div class=\"mkdf-image-gallery  mkdf-ig-grid-type mkdf-large-space   mkdf-image-hover-shader\">\n\t<div class=\"mkdf-ig-inner mkdf-outer-space mkdf-ig-grid mkdf-ig-two-columns\">\n\t\t\t\t\t<div class=\"mkdf-ig-image mkdf-item-space\">\n\t\t\t\t<div class=\"mkdf-ig-image-inner\">\n\t\t\t\t\t\t\t\t\t\t\t<img loading=\"lazy\" decoding=\"async\" width=\"900\" height=\"900\" src=\"https:\/\/congressrental.rs\/wp-content\/uploads\/2018\/03\/otkrica-za-vas.png\" class=\"attachment-full size-full\" alt=\"\" srcset=\"https:\/\/congressrental.rs\/wp-content\/uploads\/2018\/03\/otkrica-za-vas.png 900w, https:\/\/congressrental.rs\/wp-content\/uploads\/2018\/03\/otkrica-za-vas-300x300.png 300w, https:\/\/congressrental.rs\/wp-content\/uploads\/2018\/03\/otkrica-za-vas-150x150.png 150w, https:\/\/congressrental.rs\/wp-content\/uploads\/2018\/03\/otkrica-za-vas-768x768.png 768w, https:\/\/congressrental.rs\/wp-content\/uploads\/2018\/03\/otkrica-za-vas-550x550.png 550w, https:\/\/congressrental.rs\/wp-content\/uploads\/2018\/03\/otkrica-za-vas-600x600.png 600w, https:\/\/congressrental.rs\/wp-content\/uploads\/2018\/03\/otkrica-za-vas-100x100.png 100w\" sizes=\"auto, (max-width: 900px) 100vw, 900px\" \/>\t\t\t\t\t\t\t\t\t<\/div>\n\t\t\t<\/div>\n\t\t\t\t\t<div class=\"mkdf-ig-image mkdf-item-space\">\n\t\t\t\t<div class=\"mkdf-ig-image-inner\">\n\t\t\t\t\t\t\t\t\t\t\t<img loading=\"lazy\" decoding=\"async\" width=\"1410\" height=\"1410\" src=\"https:\/\/congressrental.rs\/wp-content\/uploads\/2018\/03\/Krka-70.png\" class=\"attachment-full size-full\" alt=\"\" srcset=\"https:\/\/congressrental.rs\/wp-content\/uploads\/2018\/03\/Krka-70.png 1410w, https:\/\/congressrental.rs\/wp-content\/uploads\/2018\/03\/Krka-70-300x300.png 300w, https:\/\/congressrental.rs\/wp-content\/uploads\/2018\/03\/Krka-70-1024x1024.png 1024w, https:\/\/congressrental.rs\/wp-content\/uploads\/2018\/03\/Krka-70-150x150.png 150w, https:\/\/congressrental.rs\/wp-content\/uploads\/2018\/03\/Krka-70-768x768.png 768w, https:\/\/congressrental.rs\/wp-content\/uploads\/2018\/03\/Krka-70-550x550.png 550w, https:\/\/congressrental.rs\/wp-content\/uploads\/2018\/03\/Krka-70-1100x1100.png 1100w, https:\/\/congressrental.rs\/wp-content\/uploads\/2018\/03\/Krka-70-600x600.png 600w, https:\/\/congressrental.rs\/wp-content\/uploads\/2018\/03\/Krka-70-100x100.png 100w\" sizes=\"auto, (max-width: 1410px) 100vw, 1410px\" \/>\t\t\t\t\t\t\t\t\t<\/div>\n\t\t\t<\/div>\n\t\t\t\t\t<div class=\"mkdf-ig-image mkdf-item-space\">\n\t\t\t\t<div class=\"mkdf-ig-image-inner\">\n\t\t\t\t\t\t\t\t\t\t\t<img loading=\"lazy\" decoding=\"async\" width=\"2160\" height=\"1620\" src=\"https:\/\/congressrental.rs\/wp-content\/uploads\/2025\/03\/JRQG3897.jpg\" class=\"attachment-full size-full\" alt=\"\" srcset=\"https:\/\/congressrental.rs\/wp-content\/uploads\/2025\/03\/JRQG3897.jpg 2160w, https:\/\/congressrental.rs\/wp-content\/uploads\/2025\/03\/JRQG3897-300x225.jpg 300w, https:\/\/congressrental.rs\/wp-content\/uploads\/2025\/03\/JRQG3897-1024x768.jpg 1024w, https:\/\/congressrental.rs\/wp-content\/uploads\/2025\/03\/JRQG3897-768x576.jpg 768w, https:\/\/congressrental.rs\/wp-content\/uploads\/2025\/03\/JRQG3897-1536x1152.jpg 1536w, https:\/\/congressrental.rs\/wp-content\/uploads\/2025\/03\/JRQG3897-600x450.jpg 600w\" sizes=\"auto, (max-width: 2160px) 100vw, 2160px\" \/>\t\t\t\t\t\t\t\t\t<\/div>\n\t\t\t<\/div>\n\t\t\t<\/div>\n<\/div>\n<\/div><\/div><\/div><\/div><\/section>","protected":false},"excerpt":{"rendered":"Svetlosna oprema Od scenske rasvete do ambijentalnog osvetljenja, nudimo kompletna re\u0161enja za kreiranje dinami\u010dne i upe\u010datljive atmosfere na va\u0161em doga\u0111aju. \u0160irok izbor rasvetne opreme U ponudi imamo: Scenske reflektore i spot svetla LED rasvetu za efekte i nagla\u0161avanje Dimere i [...]","protected":false},"author":1,"featured_media":0,"parent":0,"menu_order":0,"comment_status":"closed","ping_status":"closed","template":"","meta":{"om_disable_all_campaigns":false,"_monsterinsights_skip_tracking":false,"_monsterinsights_sitenote_active":false,"_monsterinsights_sitenote_note":"","_monsterinsights_sitenote_category":0,"footnotes":""},"class_list":["post-3839","page","type-page","status-publish","hentry"],"aioseo_notices":[],"_links":{"self":[{"href":"https:\/\/congressrental.rs\/ru\/wp-json\/wp\/v2\/pages\/3839","targetHints":{"allow":["GET"]}}],"collection":[{"href":"https:\/\/congressrental.rs\/ru\/wp-json\/wp\/v2\/pages"}],"about":[{"href":"https:\/\/congressrental.rs\/ru\/wp-json\/wp\/v2\/types\/page"}],"author":[{"embeddable":true,"href":"https:\/\/congressrental.rs\/ru\/wp-json\/wp\/v2\/users\/1"}],"replies":[{"embeddable":true,"href":"https:\/\/congressrental.rs\/ru\/wp-json\/wp\/v2\/comments?post=3839"}],"version-history":[{"count":0,"href":"https:\/\/congressrental.rs\/ru\/wp-json\/wp\/v2\/pages\/3839\/revisions"}],"wp:attachment":[{"href":"https:\/\/congressrental.rs\/ru\/wp-json\/wp\/v2\/media?parent=3839"}],"curies":[{"name":"wp","href":"https:\/\/api.w.org\/{rel}","templated":true}]}}