{"id":3973,"date":"2025-06-03T10:10:08","date_gmt":"2025-06-03T10:10:08","guid":{"rendered":"https:\/\/2025.congressrental.rs\/?page_id=3973"},"modified":"2025-06-03T10:41:20","modified_gmt":"2025-06-03T10:41:20","slug":"bosch-konferencijski-sistemi","status":"publish","type":"page","link":"https:\/\/congressrental.rs\/ru\/bosch-konferencijski-sistemi\/","title":{"rendered":"\u041a\u043e\u043d\u0444\u0435\u0440\u0435\u043d\u0446-\u0441\u0438\u0441\u0442\u0435\u043c\u044b Bosch"},"content":{"rendered":"<section class=\"wpb-content-wrapper\"><div class=\"vc_row wpb_row vc_row-fluid\" ><div class=\"wpb_column vc_column_container vc_col-sm-12\"><div class=\"vc_column-inner\"><div class=\"wpb_wrapper\">\n\t<div class=\"wpb_text_column wpb_content_element\" >\n\t\t<div class=\"wpb_wrapper\">\n\t\t\t<h3 data-start=\"179\" data-end=\"445\">\u041a\u043e\u043d\u0444\u0435\u0440\u0435\u043d\u0446-\u0441\u0438\u0441\u0442\u0435\u043c\u044b Bosch<\/h3>\n<p data-start=\"179\" data-end=\"445\">\u041c\u044b \u2014 \u0441\u043f\u0435\u0446\u0438\u0430\u043b\u0438\u0437\u0438\u0440\u043e\u0432\u0430\u043d\u043d\u0430\u044f \u043a\u043e\u043c\u043f\u0430\u043d\u0438\u044f \u043f\u043e \u0430\u0440\u0435\u043d\u0434\u0435 \u0432\u044b\u0441\u043e\u043a\u043e\u043a\u0430\u0447\u0435\u0441\u0442\u0432\u0435\u043d\u043d\u043e\u0433\u043e \u0430\u0443\u0434\u0438\u043e- \u0438 \u0432\u0438\u0434\u0435\u043e\u043e\u0431\u043e\u0440\u0443\u0434\u043e\u0432\u0430\u043d\u0438\u044f\n\u0441 \u0431\u043e\u0433\u0430\u0442\u044b\u043c \u043e\u043f\u044b\u0442\u043e\u043c \u0442\u0435\u0445\u043d\u0438\u0447\u0435\u0441\u043a\u043e\u0439 \u043f\u043e\u0434\u0434\u0435\u0440\u0436\u043a\u0438 \u0441\u0430\u043c\u044b\u0445 \u0440\u0430\u0437\u043d\u043e\u043e\u0431\u0440\u0430\u0437\u043d\u044b\u0445 \u043c\u0435\u0440\u043e\u043f\u0440\u0438\u044f\u0442\u0438\u0439 \u2014\n\u043e\u0442 \u043c\u0435\u0436\u0434\u0443\u043d\u0430\u0440\u043e\u0434\u043d\u044b\u0445 \u043a\u043e\u043d\u0444\u0435\u0440\u0435\u043d\u0446\u0438\u0439, \u0434\u0435\u043b\u043e\u0432\u044b\u0445 \u0432\u0441\u0442\u0440\u0435\u0447 \u0438 \u0441\u0435\u043c\u0438\u043d\u0430\u0440\u043e\u0432 \u0434\u043e \u043f\u0440\u0435\u0437\u0435\u043d\u0442\u0430\u0446\u0438\u0439 \u0438 \u0432\u0438\u0437\u0438\u0442\u043e\u0432 \u0433\u043e\u0441\u0443\u0434\u0430\u0440\u0441\u0442\u0432\u0435\u043d\u043d\u044b\u0445 \u0434\u0435\u043b\u0435\u0433\u0430\u0446\u0438\u0439.<\/p>\n<p data-start=\"447\" data-end=\"590\">\u041c\u044b \u043f\u0440\u0435\u0434\u043b\u0430\u0433\u0430\u0435\u043c \u0441\u043e\u0432\u0440\u0435\u043c\u0435\u043d\u043d\u044b\u0435 <strong data-start=\"482\" data-end=\"514\">\u043a\u043e\u043d\u0444\u0435\u0440\u0435\u043d\u0446-\u0441\u0438\u0441\u0442\u0435\u043c\u044b Bosch,<\/strong>\u0438\u0437\u0432\u0435\u0441\u0442\u043d\u044b\u0435 \u0441\u0432\u043e\u0435\u0439 \u043d\u0430\u0434\u0451\u0436\u043d\u043e\u0441\u0442\u044c\u044e, \u043a\u0430\u0447\u0435\u0441\u0442\u0432\u043e\u043c \u0437\u0432\u0443\u043a\u0430 \u0438 \u0433\u0438\u0431\u043a\u043e\u0441\u0442\u044c\u044e \u0432 \u0438\u0441\u043f\u043e\u043b\u044c\u0437\u043e\u0432\u0430\u043d\u0438\u0438.<\/p>\n<h3 data-start=\"592\" data-end=\"608\">\u041d\u0430\u0448\u0435 \u043e\u0431\u043e\u0440\u0443\u0434\u043e\u0432\u0430\u043d\u0438\u0435:<\/h3>\n<p data-start=\"609\" data-end=\"1334\">\ud83d\udd39 <strong data-start=\"612\" data-end=\"641\">Bosch DCN Next Generation<\/strong> - \u0446\u0438\u0444\u0440\u043e\u0432\u0430\u044f \u0441\u0438\u0441\u0442\u0435\u043c\u0430, \u043e\u0431\u0435\u0441\u043f\u0435\u0447\u0438\u0432\u0430\u044e\u0449\u0430\u044f \u043f\u043e\u043b\u043d\u044b\u0439 \u043a\u043e\u043d\u0442\u0440\u043e\u043b\u044c \u0432\u044b\u0441\u0442\u0443\u043f\u043b\u0435\u043d\u0438\u0439,\n\u0441\u0438\u043d\u0445\u0440\u043e\u043d\u043d\u044b\u0439 \u043f\u0435\u0440\u0435\u0432\u043e\u0434 \u0438 \u0438\u043d\u0442\u0435\u0433\u0440\u0430\u0446\u0438\u044e \u0441 \u0430\u0443\u0434\u0438\u043e-\u0432\u0438\u0434\u0435\u043e \u0441\u0438\u0433\u043d\u0430\u043b\u0430\u043c\u0438 \u0432 \u0440\u0435\u0430\u043b\u044c\u043d\u043e\u043c \u0432\u0440\u0435\u043c\u0435\u043d\u0438.\n\u0418\u0434\u0435\u0430\u043b\u044c\u043d\u043e \u043f\u043e\u0434\u0445\u043e\u0434\u0438\u0442 \u0434\u043b\u044f \u043e\u0444\u0438\u0446\u0438\u0430\u043b\u044c\u043d\u044b\u0445 \u0441\u043e\u0431\u0440\u0430\u043d\u0438\u0439, \u0430\u0441\u0441\u0430\u043c\u0431\u043b\u0435\u0439 \u0438 \u043c\u0435\u0436\u0434\u0443\u043d\u0430\u0440\u043e\u0434\u043d\u044b\u0445 \u043a\u043e\u043d\u0444\u0435\u0440\u0435\u043d\u0446\u0438\u0439.<br data-start=\"846\" data-end=\"849\" \/>\ud83d\udd39 <strong data-start=\"852\" data-end=\"879\">Bosch Dicentis Wireless<\/strong> - \u0435\u0441\u043f\u0440\u043e\u0432\u043e\u0434\u043d\u0430\u044f \u043a\u043e\u043d\u0444\u0435\u0440\u0435\u043d\u0446-\u0441\u0438\u0441\u0442\u0435\u043c\u0430 \u043d\u0430 \u0431\u0430\u0437\u0435 Wi-Fi. \u0418\u0434\u0435\u0430\u043b\u044c\u043d\u0430 \u0434\u043b\u044f \u043c\u0435\u0440\u043e\u043f\u0440\u0438\u044f\u0442\u0438\u0439, \u0433\u0434\u0435 \u0442\u0440\u0435\u0431\u0443\u0435\u0442\u0441\u044f \u0431\u044b\u0441\u0442\u0440\u044b\u0439 \u0438 \u0433\u0438\u0431\u043a\u0438\u0439 \u043c\u043e\u043d\u0442\u0430\u0436 \u0431\u0435\u0437 \u043a\u043e\u043c\u043f\u0440\u043e\u043c\u0438\u0441\u0441\u043e\u0432\n\u0432 \u043f\u043b\u0430\u043d\u0435 \u043a\u0430\u0447\u0435\u0441\u0442\u0432\u0430 \u0438 \u0431\u0435\u0437\u043e\u043f\u0430\u0441\u043d\u043e\u0441\u0442\u0438 \u0441\u0432\u044f\u0437\u0438.\n\u041a\u0430\u0436\u0434\u044b\u0439 \u043c\u0438\u043a\u0440\u043e\u0444\u043e\u043d \u043e\u0441\u043d\u0430\u0449\u0451\u043d LCD-\u044d\u043a\u0440\u0430\u043d\u043e\u043c \u0441 \u0432\u043e\u0437\u043c\u043e\u0436\u043d\u043e\u0441\u0442\u044c\u044e \u043e\u0442\u043e\u0431\u0440\u0430\u0436\u0435\u043d\u0438\u044f \u043b\u043e\u0433\u043e\u0442\u0438\u043f\u0430 \u043a\u043e\u043c\u043f\u0430\u043d\u0438\u0438 \u0438\u043b\u0438 \u043c\u0435\u0440\u043e\u043f\u0440\u0438\u044f\u0442\u0438\u044f.<\/p>\n<p data-start=\"609\" data-end=\"1334\">\ud83d\udd39 <strong data-start=\"1088\" data-end=\"1112\">Bosch Dicentis Wired &#8211; <\/strong>\u043c\u043e\u0434\u0443\u043b\u044c\u043d\u0430\u044f \u043f\u0440\u043e\u0432\u043e\u0434\u043d\u0430\u044f \u0441\u0438\u0441\u0442\u0435\u043c\u0430, \u043e\u0441\u043d\u043e\u0432\u0430\u043d\u043d\u0430\u044f \u043d\u0430 IP-\u0441\u0435\u0442\u0435\u0432\u043e\u0439 \u0430\u0440\u0445\u0438\u0442\u0435\u043a\u0442\u0443\u0440\u0435.\n\u041e\u0431\u0435\u0441\u043f\u0435\u0447\u0438\u0432\u0430\u0435\u0442 \u043a\u0440\u0438\u0441\u0442\u0430\u043b\u044c\u043d\u043e \u0447\u0438\u0441\u0442\u044b\u0439 \u0437\u0432\u0443\u043a, \u043f\u043e\u0434\u0434\u0435\u0440\u0436\u043a\u0443 \u043d\u0435\u0441\u043a\u043e\u043b\u044c\u043a\u0438\u0445 \u044f\u0437\u044b\u043a\u043e\u0432, \u0433\u043e\u043b\u043e\u0441\u043e\u0432\u0430\u043d\u0438\u0435, \u0438\u0434\u0435\u043d\u0442\u0438\u0444\u0438\u043a\u0430\u0446\u0438\u044e \u0432\u044b\u0441\u0442\u0443\u043f\u0430\u044e\u0449\u0438\u0445\n\u0438 \u0434\u0440\u0443\u0433\u0438\u0435 \u043f\u0440\u043e\u0444\u0435\u0441\u0441\u0438\u043e\u043d\u0430\u043b\u044c\u043d\u044b\u0435 \u0444\u0443\u043d\u043a\u0446\u0438\u0438. \u041f\u0440\u0435\u0434\u043d\u0430\u0437\u043d\u0430\u0447\u0435\u043d\u0430 \u0434\u043b\u044f \u043e\u0440\u0433\u0430\u043d\u0438\u0437\u0430\u0446\u0438\u0439, \u043a\u043e\u0442\u043e\u0440\u044b\u043c \u0432\u0430\u0436\u043d\u044b \u043c\u0430\u043a\u0441\u0438\u043c\u0430\u043b\u044c\u043d\u0430\u044f \u0441\u0442\u0430\u0431\u0438\u043b\u044c\u043d\u043e\u0441\u0442\u044c \u0438 \u0444\u0443\u043d\u043a\u0446\u0438\u043e\u043d\u0430\u043b\u044c\u043d\u043e\u0441\u0442\u044c.<br data-start=\"1055\" data-end=\"1058\" \/>\ud83d\udd39 <strong data-start=\"1061\" data-end=\"1081\">Bosch CCS<\/strong>\u00a0\u2014 \u043a\u043e\u043c\u043f\u0430\u043a\u0442\u043d\u0430\u044f \u0438 \u043f\u0440\u043e\u0441\u0442\u0430\u044f \u0432 \u0438\u0441\u043f\u043e\u043b\u044c\u0437\u043e\u0432\u0430\u043d\u0438\u0438 \u0441\u0438\u0441\u0442\u0435\u043c\u0430, \u0438\u0434\u0435\u0430\u043b\u044c\u043d\u0430 \u0434\u043b\u044f \u043d\u0435\u0431\u043e\u043b\u044c\u0448\u0438\u0445 \u0438 \u0441\u0440\u0435\u0434\u043d\u0438\u0445 \u0432\u0441\u0442\u0440\u0435\u0447, \u0433\u0434\u0435 \u043d\u0430\u0434\u0451\u0436\u043d\u0430\u044f \u043a\u043e\u043c\u043c\u0443\u043d\u0438\u043a\u0430\u0446\u0438\u044f \u0438\u0433\u0440\u0430\u0435\u0442 \u043a\u043b\u044e\u0447\u0435\u0432\u0443\u044e \u0440\u043e\u043b\u044c. \u0411\u044b\u0441\u0442\u0440\u0430\u044f \u0443\u0441\u0442\u0430\u043d\u043e\u0432\u043a\u0430, \u043e\u0442\u043b\u0438\u0447\u043d\u043e\u0435 \u043a\u0430\u0447\u0435\u0441\u0442\u0432\u043e \u0437\u0432\u0443\u043a\u0430 \u0438 \u0432\u043e\u0437\u043c\u043e\u0436\u043d\u043e\u0441\u0442\u044c \u0437\u0430\u043f\u0438\u0441\u0438 \u0434\u0435\u043b\u0430\u044e\u0442 \u0435\u0451 \u0443\u043d\u0438\u0432\u0435\u0440\u0441\u0430\u043b\u044c\u043d\u044b\u043c \u0440\u0435\u0448\u0435\u043d\u0438\u0435\u043c \u0434\u043b\u044f \u0448\u0438\u0440\u043e\u043a\u043e\u0433\u043e \u0441\u043f\u0435\u043a\u0442\u0440\u0430 \u043c\u0435\u0440\u043e\u043f\u0440\u0438\u044f\u0442\u0438\u0439.<\/p>\n<p data-start=\"609\" data-end=\"1334\"><strong>\u0412\u0441\u0435 \u0441\u0438\u0441\u0442\u0435\u043c\u044b Bosch \u043f\u043e\u0434\u0434\u0435\u0440\u0436\u0438\u0432\u0430\u044e\u0442 <\/strong>\u043f\u0440\u043e\u0433\u0440\u0430\u043c\u043c\u043d\u043e\u0435 \u0443\u043f\u0440\u0430\u0432\u043b\u0435\u043d\u0438\u0435 \u043c\u0438\u043a\u0440\u043e\u0444\u043e\u043d\u0430\u043c\u0438 \u0438 \u0430\u0432\u0442\u043e\u043c\u0430\u0442\u0438\u0447\u0435\u0441\u043a\u043e\u0435 \u043e\u0442\u043e\u0431\u0440\u0430\u0436\u0435\u043d\u0438\u0435 \u0430\u043a\u0442\u0438\u0432\u043d\u044b\u0445 \u0443\u0447\u0430\u0441\u0442\u043d\u0438\u043a\u043e\u0432.<\/p>\n<h3 data-start=\"1336\" data-end=\"1362\">\u041f\u043e\u0447\u0435\u043c\u0443 \u0432\u044b\u0431\u0438\u0440\u0430\u044e\u0442 Congress Rental?<\/h3>\n<ul>\n<li data-start=\"1365\" data-end=\"1410\">\u041e\u043f\u044b\u0442 \u0440\u0430\u0431\u043e\u0442\u044b \u0441 \u043c\u0430\u0441\u0448\u0442\u0430\u0431\u043d\u044b\u043c\u0438 \u0438 \u0442\u0435\u0445\u043d\u0438\u0447\u0435\u0441\u043a\u0438 \u0441\u043b\u043e\u0436\u043d\u044b\u043c\u0438 \u043c\u0435\u0440\u043e\u043f\u0440\u0438\u044f\u0442\u0438\u044f\u043c\u0438<\/li>\n<li data-start=\"1365\" data-end=\"1410\">\u041f\u0440\u043e\u0444\u0435\u0441\u0441\u0438\u043e\u043d\u0430\u043b\u044c\u043d\u0430\u044f \u043a\u043e\u043c\u0430\u043d\u0434\u0430 \u0442\u0435\u0445\u043d\u0438\u0447\u0435\u0441\u043a\u0438\u0445 \u0441\u043f\u0435\u0446\u0438\u0430\u043b\u0438\u0441\u0442\u043e\u0432 \u043d\u0430 \u043f\u043b\u043e\u0449\u0430\u0434\u043a\u0435<\/li>\n<li data-start=\"1413\" data-end=\"1446\">\u041d\u0430\u0434\u0451\u0436\u043d\u043e\u0435 \u043e\u0431\u043e\u0440\u0443\u0434\u043e\u0432\u0430\u043d\u0438\u0435, \u0440\u0435\u0433\u0443\u043b\u044f\u0440\u043d\u043e \u043e\u0431\u0441\u043b\u0443\u0436\u0438\u0432\u0430\u0435\u043c\u043e\u0435<\/li>\n<li data-start=\"1492\" data-end=\"1536\">\u041f\u043e\u043b\u043d\u0430\u044f \u043f\u043e\u0434\u0434\u0435\u0440\u0436\u043a\u0430 \u2014 \u043e\u0442 \u043f\u043b\u0430\u043d\u0438\u0440\u043e\u0432\u0430\u043d\u0438\u044f \u0434\u043e \u0437\u0430\u0432\u0435\u0440\u0448\u0435\u043d\u0438\u044f \u043c\u0435\u0440\u043e\u043f\u0440\u0438\u044f\u0442\u0438\u044f<\/li>\n<\/ul>\n<p data-start=\"1538\" data-end=\"1671\">\u041d\u0435\u0437\u0430\u0432\u0438\u0441\u0438\u043c\u043e \u043e\u0442 \u043c\u0430\u0441\u0448\u0442\u0430\u0431\u0430 \u0438 \u0441\u043b\u043e\u0436\u043d\u043e\u0441\u0442\u0438 \u0432\u0430\u0448\u0435\u0433\u043e \u0441\u043e\u0431\u044b\u0442\u0438\u044f, \u043d\u0430\u0448\u0430 \u0437\u0430\u0434\u0430\u0447\u0430 \u043e\u0434\u043d\u0430 - <strong data-start=\"1614\" data-end=\"1670\">\u0431\u0435\u0437\u0443\u043f\u0440\u0435\u0447\u043d\u043e\u0435 \u0442\u0435\u0445\u043d\u0438\u0447\u0435\u0441\u043a\u043e\u0435 \u0432\u044b\u043f\u043e\u043b\u043d\u0435\u043d\u0438\u0435 \u0438 \u0434\u043e\u0432\u043e\u043b\u044c\u043d\u044b\u0435 \u0443\u0447\u0430\u0441\u0442\u043d\u0438\u043a\u0438.<\/strong>.<\/p>\n\n\t\t<\/div>\n\t<\/div>\n<div class=\"mkdf-separator-holder clearfix  mkdf-separator-center\" >\n\t\t<div class=\"mkdf-separator\" ><\/div>\n\t<\/div>\n<\/div><\/div><\/div><\/div><div class=\"vc_row wpb_row vc_row-fluid\" ><div class=\"wpb_column vc_column_container vc_col-sm-12\"><div class=\"vc_column-inner\"><div class=\"wpb_wrapper\"><div class=\"mkdf-image-gallery  mkdf-ig-grid-type mkdf-normal-space   mkdf-image-hover-shader\">\n\t<div class=\"mkdf-ig-inner mkdf-outer-space mkdf-ig-grid mkdf-ig-three-columns\">\n\t\t\t\t\t<div class=\"mkdf-ig-image mkdf-item-space\">\n\t\t\t\t<div class=\"mkdf-ig-image-inner\">\n\t\t\t\t\t\t\t\t\t\t\t<img loading=\"lazy\" decoding=\"async\" width=\"1364\" height=\"768\" src=\"https:\/\/congressrental.rs\/wp-content\/uploads\/2025\/06\/Bosch-Dicentis.jpg\" class=\"attachment-full size-full\" alt=\"\" srcset=\"https:\/\/congressrental.rs\/wp-content\/uploads\/2025\/06\/Bosch-Dicentis.jpg 1364w, https:\/\/congressrental.rs\/wp-content\/uploads\/2025\/06\/Bosch-Dicentis-300x169.jpg 300w, https:\/\/congressrental.rs\/wp-content\/uploads\/2025\/06\/Bosch-Dicentis-1024x577.jpg 1024w, https:\/\/congressrental.rs\/wp-content\/uploads\/2025\/06\/Bosch-Dicentis-768x432.jpg 768w, https:\/\/congressrental.rs\/wp-content\/uploads\/2025\/06\/Bosch-Dicentis-18x10.jpg 18w, https:\/\/congressrental.rs\/wp-content\/uploads\/2025\/06\/Bosch-Dicentis-600x338.jpg 600w\" sizes=\"auto, (max-width: 1364px) 100vw, 1364px\" \/>\t\t\t\t\t\t\t\t\t<\/div>\n\t\t\t<\/div>\n\t\t\t\t\t<div class=\"mkdf-ig-image mkdf-item-space\">\n\t\t\t\t<div class=\"mkdf-ig-image-inner\">\n\t\t\t\t\t\t\t\t\t\t\t<img loading=\"lazy\" decoding=\"async\" width=\"303\" height=\"167\" src=\"https:\/\/congressrental.rs\/wp-content\/uploads\/2025\/06\/images-7.jpeg\" class=\"attachment-full size-full\" alt=\"\" srcset=\"https:\/\/congressrental.rs\/wp-content\/uploads\/2025\/06\/images-7.jpeg 303w, https:\/\/congressrental.rs\/wp-content\/uploads\/2025\/06\/images-7-300x165.jpeg 300w, https:\/\/congressrental.rs\/wp-content\/uploads\/2025\/06\/images-7-18x10.jpeg 18w\" sizes=\"auto, (max-width: 303px) 100vw, 303px\" \/>\t\t\t\t\t\t\t\t\t<\/div>\n\t\t\t<\/div>\n\t\t\t\t\t<div class=\"mkdf-ig-image mkdf-item-space\">\n\t\t\t\t<div class=\"mkdf-ig-image-inner\">\n\t\t\t\t\t\t\t\t\t\t\t<img loading=\"lazy\" decoding=\"async\" width=\"313\" height=\"161\" src=\"https:\/\/congressrental.rs\/wp-content\/uploads\/2025\/06\/images-6.jpeg\" class=\"attachment-full size-full\" alt=\"\" srcset=\"https:\/\/congressrental.rs\/wp-content\/uploads\/2025\/06\/images-6.jpeg 313w, https:\/\/congressrental.rs\/wp-content\/uploads\/2025\/06\/images-6-300x154.jpeg 300w, https:\/\/congressrental.rs\/wp-content\/uploads\/2025\/06\/images-6-18x9.jpeg 18w\" sizes=\"auto, (max-width: 313px) 100vw, 313px\" \/>\t\t\t\t\t\t\t\t\t<\/div>\n\t\t\t<\/div>\n\t\t\t<\/div>\n<\/div>\n<\/div><\/div><\/div><\/div>\n<\/section>","protected":false},"excerpt":{"rendered":"Bosch konferencijski sistemi Mi smo specijalizovana kompanija za iznajmljivanje vrhunske audio i video opreme, sa bogatim iskustvom u tehni\u010dkoj podr\u0161ci najrazli\u010ditijih doga\u0111aja \u2013 od me\u0111unarodnih konferencija, poslovnih sastanaka i seminara, do prezentacija i dr\u017eavnih delegacija. Na\u0161a ponuda uklju\u010duje najmodernije Bosch [...]","protected":false},"author":1,"featured_media":0,"parent":0,"menu_order":0,"comment_status":"closed","ping_status":"closed","template":"","meta":{"om_disable_all_campaigns":false,"_monsterinsights_skip_tracking":false,"_monsterinsights_sitenote_active":false,"_monsterinsights_sitenote_note":"","_monsterinsights_sitenote_category":0,"footnotes":""},"class_list":["post-3973","page","type-page","status-publish","hentry"],"aioseo_notices":[],"_links":{"self":[{"href":"https:\/\/congressrental.rs\/ru\/wp-json\/wp\/v2\/pages\/3973","targetHints":{"allow":["GET"]}}],"collection":[{"href":"https:\/\/congressrental.rs\/ru\/wp-json\/wp\/v2\/pages"}],"about":[{"href":"https:\/\/congressrental.rs\/ru\/wp-json\/wp\/v2\/types\/page"}],"author":[{"embeddable":true,"href":"https:\/\/congressrental.rs\/ru\/wp-json\/wp\/v2\/users\/1"}],"replies":[{"embeddable":true,"href":"https:\/\/congressrental.rs\/ru\/wp-json\/wp\/v2\/comments?post=3973"}],"version-history":[{"count":0,"href":"https:\/\/congressrental.rs\/ru\/wp-json\/wp\/v2\/pages\/3973\/revisions"}],"wp:attachment":[{"href":"https:\/\/congressrental.rs\/ru\/wp-json\/wp\/v2\/media?parent=3973"}],"curies":[{"name":"wp","href":"https:\/\/api.w.org\/{rel}","templated":true}]}}